{"id":28913,"date":"2018-12-09T17:22:22","date_gmt":"2018-12-09T16:22:22","guid":{"rendered":"http:\/\/web.afiwai.com\/rwp\/?page_id=28913"},"modified":"2020-10-16T13:07:46","modified_gmt":"2020-10-16T12:07:46","slug":"procura-emprego","status":"publish","type":"page","link":"https:\/\/web.afiwai.com\/rwp\/procura-emprego\/","title":{"rendered":"Voc\u00ea est\u00e1 procurando um emprego?"},"content":{"rendered":"[et_pb_section fb_built=&#8221;1&#8243; fullwidth=&#8221;on&#8221; admin_label=&#8221;Section&#8221; _builder_version=&#8221;3.22&#8243; custom_padding=&#8221;0px|0px|0px|0px&#8221; transparent_background=&#8221;off&#8221;][et_pb_fullwidth_slider admin_label=&#8221;Curseur de d\u00e9filement plein \u00e9cran&#8221; _builder_version=&#8221;3.19.8&#8243; custom_padding=&#8221;|||&#8221; custom_padding_tablet=&#8221;|||&#8221; custom_padding_phone=&#8221;|||&#8221; remove_inner_shadow=&#8221;on&#8221; hide_content_on_mobile=&#8221;off&#8221; hide_cta_on_mobile=&#8221;off&#8221; show_inner_shadow=&#8221;off&#8221; button_letter_spacing_hover=&#8221;0&#8243; button_text_size__hover_enabled=&#8221;off&#8221; button_one_text_size__hover_enabled=&#8221;off&#8221; button_two_text_size__hover_enabled=&#8221;off&#8221; button_text_color__hover_enabled=&#8221;off&#8221; button_one_text_color__hover_enabled=&#8221;off&#8221; button_two_text_color__hover_enabled=&#8221;off&#8221; button_border_width__hover_enabled=&#8221;off&#8221; button_one_border_width__hover_enabled=&#8221;off&#8221; button_two_border_width__hover_enabled=&#8221;off&#8221; button_border_color__hover_enabled=&#8221;off&#8221; button_one_border_color__hover_enabled=&#8221;off&#8221; button_two_border_color__hover_enabled=&#8221;off&#8221; button_border_radius__hover_enabled=&#8221;off&#8221; button_one_border_radius__hover_enabled=&#8221;off&#8221; button_two_border_radius__hover_enabled=&#8221;off&#8221; button_letter_spacing__hover_enabled=&#8221;on&#8221; button_letter_spacing__hover=&#8221;0&#8243; button_one_letter_spacing__hover_enabled=&#8221;off&#8221; button_two_letter_spacing__hover_enabled=&#8221;off&#8221; button_bg_color__hover_enabled=&#8221;off&#8221; button_one_bg_color__hover_enabled=&#8221;off&#8221; button_two_bg_color__hover_enabled=&#8221;off&#8221;][et_pb_slide heading=&#8221;FA\u00c7A PARTE DA EQUIPA DO REPTILWORLD PARK&#8221; use_bg_overlay=&#8221;on&#8221; bg_overlay_color=&#8221;rgba(0,0,0,0.5)&#8221; use_text_overlay=&#8221;off&#8221; _builder_version=&#8221;3.19.8&#8243; header_font=&#8221;||||&#8221; header_font_size=&#8221;85&#8243; body_font=&#8221;||||&#8221; body_line_height=&#8221;1.5em&#8221; background_color=&#8221;#000000&#8243; background_image=&#8221;https:\/\/web.afiwai.com\/rwp\/wp-content\/uploads\/2018\/12\/8-tortue.jpg&#8221; background_video_pause_outside_viewport=&#8221;off&#8221; custom_button=&#8221;on&#8221; button_text_size=&#8221;16&#8243; button_text_color=&#8221;#ffffff&#8221; button_border_color=&#8221;#ffffff&#8221; button_font=&#8221;||||&#8221; button_use_icon=&#8221;off&#8221; header_font_size_tablet=&#8221;80px&#8221; header_font_size_phone=&#8221;50px&#8221; header_font_size_last_edited=&#8221;on|phone&#8221; button_text_size_tablet=&#8221;16&#8243; button_text_size_phone=&#8221;16&#8243; button_text_color_hover=&#8221;#666666&#8243; button_bg_color_hover=&#8221;#ffffff&#8221; button_text_size__hover_enabled=&#8221;off&#8221; button_one_text_size__hover_enabled=&#8221;off&#8221; button_two_text_size__hover_enabled=&#8221;off&#8221; button_text_color__hover_enabled=&#8221;on&#8221; button_text_color__hover=&#8221;#666666&#8243; button_one_text_color__hover_enabled=&#8221;off&#8221; button_two_text_color__hover_enabled=&#8221;off&#8221; button_border_width__hover_enabled=&#8221;off&#8221; button_one_border_width__hover_enabled=&#8221;off&#8221; button_two_border_width__hover_enabled=&#8221;off&#8221; button_border_color__hover_enabled=&#8221;off&#8221; button_one_border_color__hover_enabled=&#8221;off&#8221; button_two_border_color__hover_enabled=&#8221;off&#8221; button_border_radius__hover_enabled=&#8221;off&#8221; button_one_border_radius__hover_enabled=&#8221;off&#8221; button_two_border_radius__hover_enabled=&#8221;off&#8221; button_letter_spacing__hover_enabled=&#8221;off&#8221; button_one_letter_spacing__hover_enabled=&#8221;off&#8221; button_two_letter_spacing__hover_enabled=&#8221;off&#8221; button_bg_color__hover_enabled=&#8221;on&#8221; button_bg_color__hover=&#8221;#ffffff&#8221; button_one_bg_color__hover_enabled=&#8221;off&#8221; button_two_bg_color__hover_enabled=&#8221;off&#8221; sticky_transition=&#8221;on&#8221;][\/et_pb_slide][\/et_pb_fullwidth_slider][\/et_pb_section][et_pb_section fb_built=&#8221;1&#8243; _builder_version=&#8221;3.22&#8243;][et_pb_row _builder_version=&#8221;3.25&#8243;][et_pb_column type=&#8221;4_4&#8243; _builder_version=&#8221;3.25&#8243; custom_padding=&#8221;|||&#8221; custom_padding__hover=&#8221;|||&#8221;][et_pb_text _builder_version=&#8221;3.27.4&#8243;]\n<h1 style=\"text-align: center;\">CANDIDATURA DE EMPREGO<\/h1>\n[\/et_pb_text][\/et_pb_column][\/et_pb_row][et_pb_row column_structure=&#8221;1_2,1_2&#8243; _builder_version=&#8221;3.25&#8243;][et_pb_column type=&#8221;1_2&#8243; _builder_version=&#8221;3.25&#8243; custom_padding=&#8221;|||&#8221; custom_padding__hover=&#8221;|||&#8221;][et_pb_text _builder_version=&#8221;3.27.4&#8243;]\n<p style=\"text-align: justify;\">Num futuro pr\u00f3ximo, o ReptilWorld Park ter\u00e1 que incorporar uma equipa competente. Se estiver motivado(a) e se sentir capaz de fazer parte da nossa equipa, envie-nos o seu curr\u00edculo!<\/p>\n<p style=\"text-align: center;\">\n<p style=\"text-align: center;\">\n<h6 style=\"text-align: center;\"><a href=\"https:\/\/europass.cedefop.europa.eu\/pt\" target=\"_blank\" rel=\"noopener noreferrer\">(clique aqui para criar um curr\u00edculo)<\/a><\/h6>\n[\/et_pb_text][et_pb_text _builder_version=&#8221;3.27.4&#8243;][\/et_pb_text][et_pb_code _builder_version=&#8221;3.18.2&#8243; background_color=&#8221;rgba(135,79,31,0.02)&#8221; text_orientation=&#8221;center&#8221; hover_enabled=&#8221;0&#8243; sticky_enabled=&#8221;0&#8243;]\n<div class=\"wpcf7 no-js\" id=\"wpcf7-f28920-o1\" lang=\"fr-FR\" dir=\"ltr\">\n<div class=\"screen-reader-response\"><p role=\"status\" aria-live=\"polite\" aria-atomic=\"true\"><\/p> <ul><\/ul><\/div>\n<form action=\"\/rwp\/wp-json\/wp\/v2\/pages\/28913#wpcf7-f28920-o1\" method=\"post\" class=\"wpcf7-form init\" aria-label=\"Formulaire de contact\" enctype=\"multipart\/form-data\" novalidate=\"novalidate\" data-status=\"init\">\n<div style=\"display: none;\">\n<input type=\"hidden\" name=\"_wpcf7\" value=\"28920\" \/>\n<input type=\"hidden\" name=\"_wpcf7_version\" value=\"5.7.5.1\" \/>\n<input type=\"hidden\" name=\"_wpcf7_locale\" value=\"fr_FR\" \/>\n<input type=\"hidden\" name=\"_wpcf7_unit_tag\" value=\"wpcf7-f28920-o1\" \/>\n<input type=\"hidden\" name=\"_wpcf7_container_post\" value=\"0\" \/>\n<input type=\"hidden\" name=\"_wpcf7_posted_data_hash\" value=\"\" \/>\n<\/div>\n<p><label> Sobrenome (obrigat\u00f3rio)<br \/>\n<span class=\"wpcf7-form-control-wrap\" data-name=\"primeiro-nome\"><input size=\"40\" class=\"wpcf7-form-control wpcf7-text wpcf7-validates-as-required\" aria-required=\"true\" aria-invalid=\"false\" value=\"\" type=\"text\" name=\"primeiro-nome\" \/><\/span> <\/label>\n<\/p>\n<p><label> Nome Completo (obligat\u00f3rio)<br \/>\n<span class=\"wpcf7-form-control-wrap\" data-name=\"nome\"><input size=\"40\" class=\"wpcf7-form-control wpcf7-text wpcf7-validates-as-required\" aria-required=\"true\" aria-invalid=\"false\" value=\"\" type=\"text\" name=\"nome\" \/><\/span> <\/label>\n<\/p>\n<p><label> Telefone (obligat\u00f3rio)<br \/>\n<span class=\"wpcf7-form-control-wrap\" data-name=\"Telefone\"><input size=\"40\" class=\"wpcf7-form-control wpcf7-text wpcf7-tel wpcf7-validates-as-required wpcf7-validates-as-tel\" aria-required=\"true\" aria-invalid=\"false\" value=\"\" type=\"tel\" name=\"Telefone\" \/><\/span> <\/label>\n<\/p>\n<p><label> E-mail (obrigat\u00f3rio)<br \/>\n<span class=\"wpcf7-form-control-wrap\" data-name=\"Email\"><input size=\"40\" class=\"wpcf7-form-control wpcf7-text wpcf7-email wpcf7-validates-as-required wpcf7-validates-as-email\" aria-required=\"true\" aria-invalid=\"false\" value=\"\" type=\"email\" name=\"Email\" \/><\/span><\/label>\n<\/p>\n<p><label> Emprego desejado (obrigat\u00f3rio)<br \/>\n<span class=\"wpcf7-form-control-wrap\" data-name=\"Emprego\"><select class=\"wpcf7-form-control wpcf7-select wpcf7-validates-as-required emprego\" id=\"emprego\" aria-required=\"true\" aria-invalid=\"false\" name=\"Emprego\"><option value=\"Administrativo(a)\">Administrativo(a)<\/option><option value=\"Respons\u00e1vel de R\u00e9pteis\">Respons\u00e1vel de R\u00e9pteis<\/option><option value=\"Tratador(a) de R\u00e9pteis\">Tratador(a) de R\u00e9pteis<\/option><option value=\"Vendedor(a) de bilhetes\">Vendedor(a) de bilhetes<\/option><option value=\"Vendedor(a) de lembran\u00e7as\">Vendedor(a) de lembran\u00e7as<\/option><option value=\"Vendedor(a) de alimenta\u00e7\u00e3o\">Vendedor(a) de alimenta\u00e7\u00e3o<\/option><option value=\"Contabilista\">Contabilista<\/option><option value=\"Empregado(a) de limpeza\">Empregado(a) de limpeza<\/option><option value=\"Jardineiro\">Jardineiro<\/option><option value=\"Outra profiss\u00e3o\">Outra profiss\u00e3o<\/option><\/select><\/span> <\/label>\n<\/p>\n<p><label> Sal\u00e1rio l\u00edquido pretendido (obrigat\u00f3rio)<br \/>\n<span class=\"wpcf7-form-control-wrap\" data-name=\"Quesalriolquidovocgostaria\"><input size=\"40\" class=\"wpcf7-form-control wpcf7-text wpcf7-validates-as-required\" aria-required=\"true\" aria-invalid=\"false\" value=\"\" type=\"text\" name=\"Quesalriolquidovocgostaria\" \/><\/span><\/label>\n<\/p>\n<p><label> Curr\u00edculo (obrigat\u00f3rio)<br \/>\n<span class=\"wpcf7-form-control-wrap\" data-name=\"Curriculum\"><input size=\"40\" class=\"wpcf7-form-control wpcf7-file wpcf7-validates-as-required\" accept=\".zip,.doc,.ppt,.pdf,.jpg,.jpeg,.docx,.txt,.odt,.odp\" aria-required=\"true\" aria-invalid=\"false\" type=\"file\" name=\"Curriculum\" \/><\/span><\/label>\n<\/p>\n<p><label> Tem uma mensagem para n\u00f3s?<br \/>\n<span class=\"wpcf7-form-control-wrap\" data-name=\"your-message\"><textarea cols=\"40\" rows=\"10\" class=\"wpcf7-form-control wpcf7-textarea\" aria-invalid=\"false\" name=\"your-message\"><\/textarea><\/span> <\/label>\n<\/p>\n<p><input class=\"wpcf7-form-control has-spinner wpcf7-submit\" type=\"submit\" value=\"Enviar\" \/>\n<\/p><div class=\"wpcf7-response-output\" aria-hidden=\"true\"><\/div>\n<\/form>\n<\/div>\n[\/et_pb_code][\/et_pb_column][et_pb_column type=&#8221;1_2&#8243; _builder_version=&#8221;3.25&#8243; custom_padding=&#8221;|||&#8221; custom_padding__hover=&#8221;|||&#8221;][et_pb_image src=&#8221;https:\/\/web.afiwai.com\/rwp\/wp-content\/uploads\/2018\/12\/business-3152586_1920B.jpg&#8221; align_tablet=&#8221;center&#8221; align_phone=&#8221;&#8221; align_last_edited=&#8221;on|desktop&#8221; _builder_version=&#8221;3.23&#8243; max_width_last_edited=&#8221;off|desktop&#8221; custom_margin_last_edited=&#8221;off|desktop&#8221; custom_padding=&#8221;0px||0px&#8221; animation_style=&#8221;fold&#8221;][\/et_pb_image][\/et_pb_column][\/et_pb_row][\/et_pb_section]\n<span class=\"et_bloom_bottom_trigger\"><\/span>","protected":false},"excerpt":{"rendered":"<p>CANDIDATURA DE EMPREGONum futuro pr\u00f3ximo, o ReptilWorld Park ter\u00e1 que incorporar uma equipa competente. Se estiver motivado(a) e se sentir capaz de fazer parte da nossa equipa, envie-nos o seu curr\u00edculo! (clique aqui para criar um curr\u00edculo)\n<div class=\"wpcf7 no-js\" id=\"wpcf7-f28920-o2\" lang=\"fr-FR\" dir=\"ltr\">\n<div class=\"screen-reader-response\"><p role=\"status\" aria-live=\"polite\" aria-atomic=\"true\"><\/p> <ul><\/ul><\/div>\n<form action=\"\/rwp\/wp-json\/wp\/v2\/pages\/28913#wpcf7-f28920-o2\" method=\"post\" class=\"wpcf7-form init\" aria-label=\"Formulaire de contact\" enctype=\"multipart\/form-data\" novalidate=\"novalidate\" data-status=\"init\">\n<div style=\"display: none;\">\n<input type=\"hidden\" name=\"_wpcf7\" value=\"28920\" \/>\n<input type=\"hidden\" name=\"_wpcf7_version\" value=\"5.7.5.1\" \/>\n<input type=\"hidden\" name=\"_wpcf7_locale\" value=\"fr_FR\" \/>\n<input type=\"hidden\" name=\"_wpcf7_unit_tag\" value=\"wpcf7-f28920-o2\" \/>\n<input type=\"hidden\" name=\"_wpcf7_container_post\" value=\"0\" \/>\n<input type=\"hidden\" name=\"_wpcf7_posted_data_hash\" value=\"\" \/>\n<\/div>\n<p><label> Sobrenome (obrigat\u00f3rio)<br \/>\n<span class=\"wpcf7-form-control-wrap\" data-name=\"primeiro-nome\"><input size=\"40\" class=\"wpcf7-form-control wpcf7-text wpcf7-validates-as-required\" aria-required=\"true\" aria-invalid=\"false\" value=\"\" type=\"text\" name=\"primeiro-nome\" \/><\/span> <\/label>\n<\/p>\n<p><label> Nome Completo (obligat\u00f3rio)<br \/>\n<span class=\"wpcf7-form-control-wrap\" data-name=\"nome\"><input size=\"40\" class=\"wpcf7-form-control wpcf7-text wpcf7-validates-as-required\" aria-required=\"true\" aria-invalid=\"false\" value=\"\" type=\"text\" name=\"nome\" \/><\/span> <\/label>\n<\/p>\n<p><label> Telefone (obligat\u00f3rio)<br \/>\n<span class=\"wpcf7-form-control-wrap\" data-name=\"Telefone\"><input size=\"40\" class=\"wpcf7-form-control wpcf7-text wpcf7-tel wpcf7-validates-as-required wpcf7-validates-as-tel\" aria-required=\"true\" aria-invalid=\"false\" value=\"\" type=\"tel\" name=\"Telefone\" \/><\/span> <\/label>\n<\/p>\n<p><label> E-mail (obrigat\u00f3rio)<br \/>\n<span class=\"wpcf7-form-control-wrap\" data-name=\"Email\"><input size=\"40\" class=\"wpcf7-form-control wpcf7-text wpcf7-email wpcf7-validates-as-required wpcf7-validates-as-email\" aria-required=\"true\" aria-invalid=\"false\" value=\"\" type=\"email\" name=\"Email\" \/><\/span><\/label>\n<\/p>\n<p><label> Emprego desejado (obrigat\u00f3rio)<br \/>\n<span class=\"wpcf7-form-control-wrap\" data-name=\"Emprego\"><select class=\"wpcf7-form-control wpcf7-select wpcf7-validates-as-required emprego\" id=\"emprego\" aria-required=\"true\" aria-invalid=\"false\" name=\"Emprego\"><option value=\"Administrativo(a)\">Administrativo(a)<\/option><option value=\"Respons\u00e1vel de R\u00e9pteis\">Respons\u00e1vel de R\u00e9pteis<\/option><option value=\"Tratador(a) de R\u00e9pteis\">Tratador(a) de R\u00e9pteis<\/option><option value=\"Vendedor(a) de bilhetes\">Vendedor(a) de bilhetes<\/option><option value=\"Vendedor(a) de lembran\u00e7as\">Vendedor(a) de lembran\u00e7as<\/option><option value=\"Vendedor(a) de alimenta\u00e7\u00e3o\">Vendedor(a) de alimenta\u00e7\u00e3o<\/option><option value=\"Contabilista\">Contabilista<\/option><option value=\"Empregado(a) de limpeza\">Empregado(a) de limpeza<\/option><option value=\"Jardineiro\">Jardineiro<\/option><option value=\"Outra profiss\u00e3o\">Outra profiss\u00e3o<\/option><\/select><\/span> <\/label>\n<\/p>\n<p><label> Sal\u00e1rio l\u00edquido pretendido (obrigat\u00f3rio)<br \/>\n<span class=\"wpcf7-form-control-wrap\" data-name=\"Quesalriolquidovocgostaria\"><input size=\"40\" class=\"wpcf7-form-control wpcf7-text wpcf7-validates-as-required\" aria-required=\"true\" aria-invalid=\"false\" value=\"\" type=\"text\" name=\"Quesalriolquidovocgostaria\" \/><\/span><\/label>\n<\/p>\n<p><label> Curr\u00edculo (obrigat\u00f3rio)<br \/>\n<span class=\"wpcf7-form-control-wrap\" data-name=\"Curriculum\"><input size=\"40\" class=\"wpcf7-form-control wpcf7-file wpcf7-validates-as-required\" accept=\".zip,.doc,.ppt,.pdf,.jpg,.jpeg,.docx,.txt,.odt,.odp\" aria-required=\"true\" aria-invalid=\"false\" type=\"file\" name=\"Curriculum\" \/><\/span><\/label>\n<\/p>\n<p><label> Tem uma mensagem para n\u00f3s?<br \/>\n<span class=\"wpcf7-form-control-wrap\" data-name=\"your-message\"><textarea cols=\"40\" rows=\"10\" class=\"wpcf7-form-control wpcf7-textarea\" aria-invalid=\"false\" name=\"your-message\"><\/textarea><\/span> <\/label>\n<\/p>\n<p><input class=\"wpcf7-form-control has-spinner wpcf7-submit\" type=\"submit\" value=\"Enviar\" \/>\n<\/p><div class=\"wpcf7-response-output\" aria-hidden=\"true\"><\/div>\n<\/form>\n<\/div>\n<\/p>\n","protected":false},"author":1,"featured_media":0,"parent":0,"menu_order":0,"comment_status":"closed","ping_status":"closed","template":"","meta":{"_et_pb_use_builder":"on","_et_pb_old_content":"","_et_gb_content_width":""},"yoast_head":"<!-- This site is optimized with the Yoast SEO plugin v20.5 - https:\/\/yoast.com\/wordpress\/plugins\/seo\/ -->\n<title>Voc\u00ea est\u00e1 procurando um emprego? - ReptilWorld Park [Portugal]<\/title>\n<meta name=\"description\" content=\"Voc\u00ea est\u00e1 na p\u00e1gina Voc\u00ea est\u00e1 procurando um emprego? do site Reptil\u00e1rio de Aveiro (Portugal). Entre em contato conosco ! ReptilWorld Park [Portugal] - Um novo mundo abre-se agora!\" \/>\n<meta name=\"robots\" content=\"index, follow, max-snippet:-1, max-image-preview:large, max-video-preview:-1\" \/>\n<link rel=\"canonical\" href=\"https:\/\/web.afiwai.com\/rwp\/procura-emprego\/\" \/>\n<meta property=\"og:locale\" content=\"pt_PT\" \/>\n<meta property=\"og:type\" content=\"article\" \/>\n<meta property=\"og:title\" content=\"Voc\u00ea est\u00e1 procurando um emprego? - ReptilWorld Park [Portugal]\" \/>\n<meta property=\"og:description\" content=\"Voc\u00ea est\u00e1 na p\u00e1gina Voc\u00ea est\u00e1 procurando um emprego? do site Reptil\u00e1rio de Aveiro (Portugal). Entre em contato conosco ! ReptilWorld Park [Portugal] - Um novo mundo abre-se agora!\" \/>\n<meta property=\"og:url\" content=\"https:\/\/web.afiwai.com\/rwp\/procura-emprego\/\" \/>\n<meta property=\"og:site_name\" content=\"ReptilWorld Park [Portugal]\" \/>\n<meta property=\"article:publisher\" content=\"https:\/\/www.facebook.com\/reptilworldpark\/\" \/>\n<meta property=\"article:modified_time\" content=\"2020-10-16T12:07:46+00:00\" \/>\n<meta name=\"twitter:card\" content=\"summary_large_image\" \/>\n<meta name=\"twitter:site\" content=\"@ReptilWorldPark\" \/>\n<meta name=\"twitter:label1\" content=\"Tempo estimado de leitura\" \/>\n\t<meta name=\"twitter:data1\" content=\"3 minutos\" \/>\n<script type=\"application\/ld+json\" class=\"yoast-schema-graph\">{\"@context\":\"https:\/\/schema.org\",\"@graph\":[{\"@type\":\"WebPage\",\"@id\":\"https:\/\/web.afiwai.com\/rwp\/procura-emprego\/\",\"url\":\"https:\/\/web.afiwai.com\/rwp\/procura-emprego\/\",\"name\":\"Voc\u00ea est\u00e1 procurando um emprego? - ReptilWorld Park [Portugal]\",\"isPartOf\":{\"@id\":\"https:\/\/web.afiwai.com\/rwp\/#website\"},\"datePublished\":\"2018-12-09T16:22:22+00:00\",\"dateModified\":\"2020-10-16T12:07:46+00:00\",\"description\":\"Voc\u00ea est\u00e1 na p\u00e1gina Voc\u00ea est\u00e1 procurando um emprego? do site Reptil\u00e1rio de Aveiro (Portugal). Entre em contato conosco ! ReptilWorld Park [Portugal] - Um novo mundo abre-se agora!\",\"breadcrumb\":{\"@id\":\"https:\/\/web.afiwai.com\/rwp\/procura-emprego\/#breadcrumb\"},\"inLanguage\":\"pt-PT\",\"potentialAction\":[{\"@type\":\"ReadAction\",\"target\":[\"https:\/\/web.afiwai.com\/rwp\/procura-emprego\/\"]}]},{\"@type\":\"BreadcrumbList\",\"@id\":\"https:\/\/web.afiwai.com\/rwp\/procura-emprego\/#breadcrumb\",\"itemListElement\":[{\"@type\":\"ListItem\",\"position\":1,\"name\":\"Home\",\"item\":\"https:\/\/web.afiwai.com\/rwp\/\"},{\"@type\":\"ListItem\",\"position\":2,\"name\":\"Voc\u00ea est\u00e1 procurando um emprego?\"}]},{\"@type\":\"WebSite\",\"@id\":\"https:\/\/web.afiwai.com\/rwp\/#website\",\"url\":\"https:\/\/web.afiwai.com\/rwp\/\",\"name\":\"ReptilWorld Park [Portugal]\",\"description\":\"Entra num mundo desconhecido !\",\"publisher\":{\"@id\":\"https:\/\/web.afiwai.com\/rwp\/#organization\"},\"potentialAction\":[{\"@type\":\"SearchAction\",\"target\":{\"@type\":\"EntryPoint\",\"urlTemplate\":\"https:\/\/web.afiwai.com\/rwp\/?s={search_term_string}\"},\"query-input\":\"required name=search_term_string\"}],\"inLanguage\":\"pt-PT\"},{\"@type\":\"Organization\",\"@id\":\"https:\/\/web.afiwai.com\/rwp\/#organization\",\"name\":\"ReptilWorld Park - O in\u00e9dito em Portugal\",\"url\":\"https:\/\/web.afiwai.com\/rwp\/\",\"logo\":{\"@type\":\"ImageObject\",\"inLanguage\":\"pt-PT\",\"@id\":\"https:\/\/web.afiwai.com\/rwp\/#\/schema\/logo\/image\/\",\"url\":\"https:\/\/web.afiwai.com\/rwp\/wp-content\/uploads\/2018\/12\/Logo-cam\u00e9l\u00e9on-750px.png\",\"contentUrl\":\"https:\/\/web.afiwai.com\/rwp\/wp-content\/uploads\/2018\/12\/Logo-cam\u00e9l\u00e9on-750px.png\",\"width\":750,\"height\":341,\"caption\":\"ReptilWorld Park - O in\u00e9dito em Portugal\"},\"image\":{\"@id\":\"https:\/\/web.afiwai.com\/rwp\/#\/schema\/logo\/image\/\"},\"sameAs\":[\"https:\/\/www.facebook.com\/reptilworldpark\/\",\"https:\/\/twitter.com\/ReptilWorldPark\",\"https:\/\/www.instagram.com\/reptilworld_park\/\",\"https:\/\/www.linkedin.com\/in\/reptilworldpark\/\",\"https:\/\/www.youtube.com\/channel\/UCGarBbU4GwhnxAl218yJmDA\"]}]}<\/script>\n<!-- \/ Yoast SEO plugin. -->","yoast_head_json":{"title":"Voc\u00ea est\u00e1 procurando um emprego? - ReptilWorld Park [Portugal]","description":"Voc\u00ea est\u00e1 na p\u00e1gina Voc\u00ea est\u00e1 procurando um emprego? do site Reptil\u00e1rio de Aveiro (Portugal). Entre em contato conosco ! ReptilWorld Park [Portugal] - Um novo mundo abre-se agora!","robots":{"index":"index","follow":"follow","max-snippet":"max-snippet:-1","max-image-preview":"max-image-preview:large","max-video-preview":"max-video-preview:-1"},"canonical":"https:\/\/web.afiwai.com\/rwp\/procura-emprego\/","og_locale":"pt_PT","og_type":"article","og_title":"Voc\u00ea est\u00e1 procurando um emprego? - ReptilWorld Park [Portugal]","og_description":"Voc\u00ea est\u00e1 na p\u00e1gina Voc\u00ea est\u00e1 procurando um emprego? do site Reptil\u00e1rio de Aveiro (Portugal). Entre em contato conosco ! ReptilWorld Park [Portugal] - Um novo mundo abre-se agora!","og_url":"https:\/\/web.afiwai.com\/rwp\/procura-emprego\/","og_site_name":"ReptilWorld Park [Portugal]","article_publisher":"https:\/\/www.facebook.com\/reptilworldpark\/","article_modified_time":"2020-10-16T12:07:46+00:00","twitter_card":"summary_large_image","twitter_site":"@ReptilWorldPark","twitter_misc":{"Tempo estimado de leitura":"3 minutos"},"schema":{"@context":"https:\/\/schema.org","@graph":[{"@type":"WebPage","@id":"https:\/\/web.afiwai.com\/rwp\/procura-emprego\/","url":"https:\/\/web.afiwai.com\/rwp\/procura-emprego\/","name":"Voc\u00ea est\u00e1 procurando um emprego? - ReptilWorld Park [Portugal]","isPartOf":{"@id":"https:\/\/web.afiwai.com\/rwp\/#website"},"datePublished":"2018-12-09T16:22:22+00:00","dateModified":"2020-10-16T12:07:46+00:00","description":"Voc\u00ea est\u00e1 na p\u00e1gina Voc\u00ea est\u00e1 procurando um emprego? do site Reptil\u00e1rio de Aveiro (Portugal). Entre em contato conosco ! ReptilWorld Park [Portugal] - Um novo mundo abre-se agora!","breadcrumb":{"@id":"https:\/\/web.afiwai.com\/rwp\/procura-emprego\/#breadcrumb"},"inLanguage":"pt-PT","potentialAction":[{"@type":"ReadAction","target":["https:\/\/web.afiwai.com\/rwp\/procura-emprego\/"]}]},{"@type":"BreadcrumbList","@id":"https:\/\/web.afiwai.com\/rwp\/procura-emprego\/#breadcrumb","itemListElement":[{"@type":"ListItem","position":1,"name":"Home","item":"https:\/\/web.afiwai.com\/rwp\/"},{"@type":"ListItem","position":2,"name":"Voc\u00ea est\u00e1 procurando um emprego?"}]},{"@type":"WebSite","@id":"https:\/\/web.afiwai.com\/rwp\/#website","url":"https:\/\/web.afiwai.com\/rwp\/","name":"ReptilWorld Park [Portugal]","description":"Entra num mundo desconhecido !","publisher":{"@id":"https:\/\/web.afiwai.com\/rwp\/#organization"},"potentialAction":[{"@type":"SearchAction","target":{"@type":"EntryPoint","urlTemplate":"https:\/\/web.afiwai.com\/rwp\/?s={search_term_string}"},"query-input":"required name=search_term_string"}],"inLanguage":"pt-PT"},{"@type":"Organization","@id":"https:\/\/web.afiwai.com\/rwp\/#organization","name":"ReptilWorld Park - O in\u00e9dito em Portugal","url":"https:\/\/web.afiwai.com\/rwp\/","logo":{"@type":"ImageObject","inLanguage":"pt-PT","@id":"https:\/\/web.afiwai.com\/rwp\/#\/schema\/logo\/image\/","url":"https:\/\/web.afiwai.com\/rwp\/wp-content\/uploads\/2018\/12\/Logo-cam\u00e9l\u00e9on-750px.png","contentUrl":"https:\/\/web.afiwai.com\/rwp\/wp-content\/uploads\/2018\/12\/Logo-cam\u00e9l\u00e9on-750px.png","width":750,"height":341,"caption":"ReptilWorld Park - O in\u00e9dito em Portugal"},"image":{"@id":"https:\/\/web.afiwai.com\/rwp\/#\/schema\/logo\/image\/"},"sameAs":["https:\/\/www.facebook.com\/reptilworldpark\/","https:\/\/twitter.com\/ReptilWorldPark","https:\/\/www.instagram.com\/reptilworld_park\/","https:\/\/www.linkedin.com\/in\/reptilworldpark\/","https:\/\/www.youtube.com\/channel\/UCGarBbU4GwhnxAl218yJmDA"]}]}},"_links":{"self":[{"href":"https:\/\/web.afiwai.com\/rwp\/wp-json\/wp\/v2\/pages\/28913"}],"collection":[{"href":"https:\/\/web.afiwai.com\/rwp\/wp-json\/wp\/v2\/pages"}],"about":[{"href":"https:\/\/web.afiwai.com\/rwp\/wp-json\/wp\/v2\/types\/page"}],"author":[{"embeddable":true,"href":"https:\/\/web.afiwai.com\/rwp\/wp-json\/wp\/v2\/users\/1"}],"replies":[{"embeddable":true,"href":"https:\/\/web.afiwai.com\/rwp\/wp-json\/wp\/v2\/comments?post=28913"}],"version-history":[{"count":23,"href":"https:\/\/web.afiwai.com\/rwp\/wp-json\/wp\/v2\/pages\/28913\/revisions"}],"predecessor-version":[{"id":31854,"href":"https:\/\/web.afiwai.com\/rwp\/wp-json\/wp\/v2\/pages\/28913\/revisions\/31854"}],"wp:attachment":[{"href":"https:\/\/web.afiwai.com\/rwp\/wp-json\/wp\/v2\/media?parent=28913"}],"curies":[{"name":"wp","href":"https:\/\/api.w.org\/{rel}","templated":true}]}}