{"id":29294,"date":"2018-12-27T14:09:10","date_gmt":"2018-12-27T13:09:10","guid":{"rendered":"http:\/\/web.afiwai.com\/rwp\/?page_id=29294"},"modified":"2019-12-13T15:44:11","modified_gmt":"2019-12-13T15:44:11","slug":"escolas","status":"publish","type":"page","link":"https:\/\/web.afiwai.com\/rwp\/escolas\/","title":{"rendered":"ESCOLAS"},"content":{"rendered":"[et_pb_section fb_built=&#8221;1&#8243; fullwidth=&#8221;on&#8221; _builder_version=&#8221;3.22&#8243;][et_pb_fullwidth_slider _builder_version=&#8221;3.21&#8243; header_font=&#8221;||||||||&#8221; body_font=&#8221;||||||||&#8221;][et_pb_slide heading=&#8221;UM NOVO UNIVERSO QUE SE ABRE PARA SI&#8221; button_text=&#8221;CONTATE-NOS AGORA&#8221; use_bg_overlay=&#8221;on&#8221; _builder_version=&#8221;3.21&#8243; header_font=&#8221;||||||||&#8221; header_font_size=&#8221;85px&#8221; body_font=&#8221;||||||||&#8221; body_line_height=&#8221;1.5em&#8221; background_color=&#8221;#000000&#8243; background_image=&#8221;http:\/\/web.afiwai.com\/rwp\/wp-content\/uploads\/2019\/03\/Biologie.jpg&#8221; background_position=&#8221;top_left&#8221;]\n<p>O mundo dos <a href=\"https:\/\/web.afiwai.com\/rwp\/tag\/repteis\/\">#r\u00e9pteis<\/a> \u00e9 extraordin\u00e1rio, n\u00e3o s\u00f3 \u00e9 rico em variedade, como inclui <a href=\"https:\/\/web.afiwai.com\/rwp\/tag\/animais\/\">#animais<\/a> com caracter\u00edsticas incr\u00edveis que n\u00e3o o deixar\u00e3o indiferente! Reserve j\u00e1 um dia na sua agenda e entre em contacto connosco!<\/p>\n[\/et_pb_slide][\/et_pb_fullwidth_slider][\/et_pb_section][et_pb_section fb_built=&#8221;1&#8243; _builder_version=&#8221;3.22&#8243; custom_padding=&#8221;54px|0px|0px|0px|false|false&#8221;][et_pb_row column_structure=&#8221;1_2,1_2&#8243; _builder_version=&#8221;3.25&#8243;][et_pb_column type=&#8221;1_2&#8243; _builder_version=&#8221;3.25&#8243; custom_padding=&#8221;|||&#8221; custom_padding__hover=&#8221;|||&#8221;][et_pb_text _builder_version=&#8221;3.27.4&#8243; text_font=&#8221;||||||||&#8221; text_letter_spacing=&#8221;1px&#8221; text_line_height=&#8221;2.2em&#8221; header_font=&#8221;||||||||&#8221;]\n<h4 style=\"text-align: center;\"><strong>MANTENHA-SE INFORMADO SEM COMPROMISSO<\/strong><\/h4>\n<p><strong><\/strong><\/p>\n<p style=\"text-align: justify;\">Qual seria, para si, a melhor ferramenta educacional para que os alunos desenvolvam os seus conhecimentos acerca do fascinante mundo dos <a href=\"https:\/\/web.afiwai.com\/rwp\/tag\/repteis\/\">#r\u00e9pteis<\/a>? Novo em toda a #Pen\u00ednsula #Ib\u00e9rica, o #ReptilWorld #Park \u00e9 uma institui\u00e7\u00e3o totalmente baseada em r\u00e9pteis, que visa colmatar uma lacuna at\u00e9 agora existente nesta \u00e1rea. Este #projeto in\u00e9dito, que oferecer\u00e1 uma grande amostra de <a href=\"https:\/\/web.afiwai.com\/rwp\/tag\/repteis\/\">#r\u00e9pteis<\/a>, contribuir\u00e1 para dar a conhecer estas #esp\u00e9cies. Embora exista em grande n\u00famero na Europa, estes animais ainda s\u00e3o desconhecidos para muitos de n\u00f3s. Jogos, cursos, exerc\u00edcios, #forma\u00e7\u00f5es, apresenta\u00e7\u00f5es de animais e apresenta\u00e7\u00f5es de programas de prote\u00e7\u00e3o, assim como uma variada gama de ferramentas de #educa\u00e7\u00e3o, estar\u00e3o dispon\u00edveis para si. Tudo ser\u00e1 supervisionado por uma equipa altamente especializada, que o ajudar\u00e1 a ter uma experi\u00eancia \u00fanica e enriquecedora. Est\u00e1 interessado? Inscreva-se agora, utilizando o nosso formul\u00e1rio. A nossa equipa ter\u00e1 todo o gosto em mant\u00ea-lo informado sobre o progresso do projeto, o nosso \u201c#ReptilWorld Park\u201d!<\/p>\n[\/et_pb_text][\/et_pb_column][et_pb_column type=&#8221;1_2&#8243; _builder_version=&#8221;3.25&#8243; custom_padding=&#8221;|||&#8221; custom_padding__hover=&#8221;|||&#8221;][et_pb_text _builder_version=&#8221;3.27.4&#8243; text_font=&#8221;||||||||&#8221; text_text_color=&#8221;#ffffff&#8221; text_font_size=&#8221;18px&#8221; text_letter_spacing=&#8221;3px&#8221; text_line_height=&#8221;1.8em&#8221; header_font=&#8221;||||||||&#8221; background_color=&#8221;rgba(0,175,73,0.61)&#8221;]\n<p style=\"text-align: center;\"><strong>REGISTE SUA ESCOLA<\/strong><\/p>\n[\/et_pb_text][et_pb_code _builder_version=&#8221;3.20.2&#8243;][\/et_pb_code][et_pb_code _builder_version=&#8221;3.20.2&#8243; background_color=&#8221;rgba(0,175,73,0.05)&#8221;]\n<div class=\"wpcf7 no-js\" id=\"wpcf7-f29291-o1\" lang=\"fr-FR\" dir=\"ltr\">\n<div class=\"screen-reader-response\"><p role=\"status\" aria-live=\"polite\" aria-atomic=\"true\"><\/p> <ul><\/ul><\/div>\n<form action=\"\/rwp\/wp-json\/wp\/v2\/pages\/29294#wpcf7-f29291-o1\" method=\"post\" class=\"wpcf7-form init\" aria-label=\"Formulaire de contact\" novalidate=\"novalidate\" data-status=\"init\">\n<div style=\"display: none;\">\n<input type=\"hidden\" name=\"_wpcf7\" value=\"29291\" \/>\n<input type=\"hidden\" name=\"_wpcf7_version\" value=\"5.7.5.1\" \/>\n<input type=\"hidden\" name=\"_wpcf7_locale\" value=\"fr_FR\" \/>\n<input type=\"hidden\" name=\"_wpcf7_unit_tag\" value=\"wpcf7-f29291-o1\" \/>\n<input type=\"hidden\" name=\"_wpcf7_container_post\" value=\"0\" \/>\n<input type=\"hidden\" name=\"_wpcf7_posted_data_hash\" value=\"\" \/>\n<\/div>\n<p>Nome completo: <span class=\"wpcf7-form-control-wrap\" data-name=\"Nomecompleto\"><input size=\"40\" class=\"wpcf7-form-control wpcf7-text wpcf7-validates-as-required\" aria-required=\"true\" aria-invalid=\"false\" value=\"\" type=\"text\" name=\"Nomecompleto\" \/><\/span>\n<\/p>\n<p>Escola \/ Estabelecimento: <span class=\"wpcf7-form-control-wrap\" data-name=\"Escola\"><input size=\"40\" class=\"wpcf7-form-control wpcf7-text wpcf7-validates-as-required\" aria-required=\"true\" aria-invalid=\"false\" value=\"\" type=\"text\" name=\"Escola\" \/><\/span>\n<\/p>\n<p>Telefone: <span class=\"wpcf7-form-control-wrap\" data-name=\"Telefone\"><input size=\"40\" class=\"wpcf7-form-control wpcf7-text wpcf7-tel wpcf7-validates-as-required wpcf7-validates-as-tel\" aria-required=\"true\" aria-invalid=\"false\" value=\"\" type=\"tel\" name=\"Telefone\" \/><\/span>\n<\/p>\n<p>Email: <span class=\"wpcf7-form-control-wrap\" data-name=\"Email\"><input size=\"40\" class=\"wpcf7-form-control wpcf7-text wpcf7-email wpcf7-validates-as-required wpcf7-validates-as-email\" aria-required=\"true\" aria-invalid=\"false\" value=\"\" type=\"email\" name=\"Email\" \/><\/span>\n<\/p>\n<p>------------------------------------\n<\/p>\n<p>Turmas Interessadas:\n<\/p>\n<p>1\u00ba ciclo: <span class=\"wpcf7-form-control-wrap\" data-name=\"anoum\"><span class=\"wpcf7-form-control wpcf7-checkbox 1\" id=\"1ano\"><span class=\"wpcf7-list-item first last\"><input type=\"checkbox\" name=\"anoum[]\" value=\"1\u00ba ano\" \/><span class=\"wpcf7-list-item-label\">1\u00ba ano<\/span><\/span><\/span><\/span><span class=\"wpcf7-form-control-wrap\" data-name=\"anodois\"><span class=\"wpcf7-form-control wpcf7-checkbox 2\" id=\"2ano\"><span class=\"wpcf7-list-item first last\"><input type=\"checkbox\" name=\"anodois[]\" value=\"2\u00ba ano\" \/><span class=\"wpcf7-list-item-label\">2\u00ba ano<\/span><\/span><\/span><\/span><span class=\"wpcf7-form-control-wrap\" data-name=\"anotres\"><span class=\"wpcf7-form-control wpcf7-checkbox 3\" id=\"3ano\"><span class=\"wpcf7-list-item first last\"><input type=\"checkbox\" name=\"anotres[]\" value=\"3\u00ba ano\" \/><span class=\"wpcf7-list-item-label\">3\u00ba ano<\/span><\/span><\/span><\/span><span class=\"wpcf7-form-control-wrap\" data-name=\"anoquatro\"><span class=\"wpcf7-form-control wpcf7-checkbox 4\" id=\"4ano\"><span class=\"wpcf7-list-item first last\"><input type=\"checkbox\" name=\"anoquatro[]\" value=\"4\u00ba ano\" \/><span class=\"wpcf7-list-item-label\">4\u00ba ano<\/span><\/span><\/span><\/span><br \/>\n2\u00ba ciclo: <span class=\"wpcf7-form-control-wrap\" data-name=\"anocinco\"><span class=\"wpcf7-form-control wpcf7-checkbox 5\" id=\"5ano\"><span class=\"wpcf7-list-item first last\"><input type=\"checkbox\" name=\"anocinco[]\" value=\"5\u00ba ano\" \/><span class=\"wpcf7-list-item-label\">5\u00ba ano<\/span><\/span><\/span><\/span><span class=\"wpcf7-form-control-wrap\" data-name=\"anoseis\"><span class=\"wpcf7-form-control wpcf7-checkbox 6\" id=\"6ano\"><span class=\"wpcf7-list-item first last\"><input type=\"checkbox\" name=\"anoseis[]\" value=\"6\u00ba ano\" \/><span class=\"wpcf7-list-item-label\">6\u00ba ano<\/span><\/span><\/span><\/span><br \/>\n3\u00ba ciclo: <span class=\"wpcf7-form-control-wrap\" data-name=\"anosete\"><span class=\"wpcf7-form-control wpcf7-checkbox 7\" id=\"7ano\"><span class=\"wpcf7-list-item first last\"><input type=\"checkbox\" name=\"anosete[]\" value=\"7\u00ba ano\" \/><span class=\"wpcf7-list-item-label\">7\u00ba ano<\/span><\/span><\/span><\/span><span class=\"wpcf7-form-control-wrap\" data-name=\"anooito\"><span class=\"wpcf7-form-control wpcf7-checkbox 8\" id=\"8ano\"><span class=\"wpcf7-list-item first last\"><input type=\"checkbox\" name=\"anooito[]\" value=\"8\u00ba ano\" \/><span class=\"wpcf7-list-item-label\">8\u00ba ano<\/span><\/span><\/span><\/span><span class=\"wpcf7-form-control-wrap\" data-name=\"anonove\"><span class=\"wpcf7-form-control wpcf7-checkbox 9\" id=\"9ano\"><span class=\"wpcf7-list-item first last\"><input type=\"checkbox\" name=\"anonove[]\" value=\"9\u00ba ano\" \/><span class=\"wpcf7-list-item-label\">9\u00ba ano<\/span><\/span><\/span><\/span><br \/>\nSecund\u00e1rio: <span class=\"wpcf7-form-control-wrap\" data-name=\"anodez\"><span class=\"wpcf7-form-control wpcf7-checkbox 10\" id=\"10ano\"><span class=\"wpcf7-list-item first last\"><input type=\"checkbox\" name=\"anodez[]\" value=\"10\u00ba ano\" \/><span class=\"wpcf7-list-item-label\">10\u00ba ano<\/span><\/span><\/span><\/span><span class=\"wpcf7-form-control-wrap\" data-name=\"anoonze\"><span class=\"wpcf7-form-control wpcf7-checkbox 11\" id=\"11ano\"><span class=\"wpcf7-list-item first last\"><input type=\"checkbox\" name=\"anoonze[]\" value=\"11\u00ba ano\" \/><span class=\"wpcf7-list-item-label\">11\u00ba ano<\/span><\/span><\/span><\/span><span class=\"wpcf7-form-control-wrap\" data-name=\"anodoze\"><span class=\"wpcf7-form-control wpcf7-checkbox 12\" id=\"12ano\"><span class=\"wpcf7-list-item first last\"><input type=\"checkbox\" name=\"anodoze[]\" value=\"12\u00ba ano\" \/><span class=\"wpcf7-list-item-label\">12\u00ba ano<\/span><\/span><\/span><\/span><br \/>\nOutro estabelecimento: <span class=\"wpcf7-form-control-wrap\" data-name=\"Outrainstituio\"><input size=\"40\" class=\"wpcf7-form-control wpcf7-text Outra instituio\" id=\"Outrainstituio\" aria-invalid=\"false\" placeholder=\"ex: Universidade, Infant\u00e1rio, Empresa...\" value=\"\" type=\"text\" name=\"Outrainstituio\" \/><\/span>\n<\/p>\n<p>------------------------------------\n<\/p>\n<p>N\u00famero de alunos \/ pessoas (aproximadamente):<br \/>\n<span class=\"wpcf7-form-control-wrap\" data-name=\"Nmerodealunos\"><input size=\"40\" class=\"wpcf7-form-control wpcf7-text wpcf7-validates-as-required Nmero de alunos\" aria-required=\"true\" aria-invalid=\"false\" value=\"Quantos adultos e crian\u00e7as\" type=\"text\" name=\"Nmerodealunos\" \/><\/span>\n<\/p>\n<p>Quantos alunos quer levar a visitar o Reptil\u00e1rio?<br \/>\n<span class=\"wpcf7-form-control-wrap\" data-name=\"Nmerodealunosvisitar\"><input size=\"40\" class=\"wpcf7-form-control wpcf7-text wpcf7-validates-as-required Nmero de alunos visitar\" aria-required=\"true\" aria-invalid=\"false\" value=\"Todos ou apenas alguns?\" type=\"text\" name=\"Nmerodealunosvisitar\" \/><\/span>\n<\/p>\n<p>Em que \u00e9poca do ano pretende levar os seus alunos \u00e0 visita? (V\u00e1rias respostas poss\u00edveis).<br \/>\n<span class=\"wpcf7-form-control-wrap\" data-name=\"primavera\"><span class=\"wpcf7-form-control wpcf7-checkbox\"><span class=\"wpcf7-list-item first last\"><input type=\"checkbox\" name=\"primavera[]\" value=\"Primavera\" \/><span class=\"wpcf7-list-item-label\">Primavera<\/span><\/span><\/span><\/span><span class=\"wpcf7-form-control-wrap\" data-name=\"verao\"><span class=\"wpcf7-form-control wpcf7-checkbox\"><span class=\"wpcf7-list-item first last\"><input type=\"checkbox\" name=\"verao[]\" value=\"Ver\u00e3o\" \/><span class=\"wpcf7-list-item-label\">Ver\u00e3o<\/span><\/span><\/span><\/span><span class=\"wpcf7-form-control-wrap\" data-name=\"outono\"><span class=\"wpcf7-form-control wpcf7-checkbox\"><span class=\"wpcf7-list-item first last\"><input type=\"checkbox\" name=\"outono[]\" value=\"Outono\" \/><span class=\"wpcf7-list-item-label\">Outono<\/span><\/span><\/span><\/span><span class=\"wpcf7-form-control-wrap\" data-name=\"inverno\"><span class=\"wpcf7-form-control wpcf7-checkbox\"><span class=\"wpcf7-list-item first last\"><input type=\"checkbox\" name=\"inverno[]\" value=\"Inverno\" \/><span class=\"wpcf7-list-item-label\">Inverno<\/span><\/span><\/span><\/span>\n<\/p>\n<p>Que pre\u00e7o por crian\u00e7a costuma pagar por uma visita a um zool\u00f3gico?<br \/>\n<span class=\"wpcf7-form-control-wrap\" data-name=\"Preco\"><input size=\"40\" class=\"wpcf7-form-control wpcf7-text wpcf7-validates-as-required preco\" aria-required=\"true\" aria-invalid=\"false\" value=\"Pre\u00e7o por adulto e crian\u00e7a\" type=\"text\" name=\"Preco\" \/><\/span>\n<\/p>\n<p>------------------------------------\n<\/p>\n<p><span class=\"wpcf7-form-control-wrap\" data-name=\"VQuerserinformadoassimqueoReptilrioestiveraberto\"><span class=\"wpcf7-form-control wpcf7-checkbox\"><span class=\"wpcf7-list-item first last\"><input type=\"checkbox\" name=\"VQuerserinformadoassimqueoReptilrioestiveraberto[]\" value=\"Quer ser informado assim que o Reptil\u00e1rio estiver aberto?\" \/><span class=\"wpcf7-list-item-label\">Quer ser informado assim que o Reptil\u00e1rio estiver aberto?<\/span><\/span><\/span><\/span>\n<\/p>\n<p><span class=\"wpcf7-form-control-wrap\" data-name=\"Vocquermarcarumareuniaoparaconhecermelhoroprojeto\"><span class=\"wpcf7-form-control wpcf7-checkbox\"><span class=\"wpcf7-list-item first last\"><input type=\"checkbox\" name=\"Vocquermarcarumareuniaoparaconhecermelhoroprojeto[]\" value=\"Quer marcar uma reuni\u00e3o para conhecer melhor o projeto?\" \/><span class=\"wpcf7-list-item-label\">Quer marcar uma reuni\u00e3o para conhecer melhor o projeto?<\/span><\/span><\/span><\/span>\n<\/p>\n<p><span class=\"wpcf7-form-control-wrap\" data-name=\"Jdesejaterreservadopara2020\"><span class=\"wpcf7-form-control wpcf7-checkbox\"><span class=\"wpcf7-list-item first last\"><input type=\"checkbox\" name=\"Jdesejaterreservadopara2020[]\" value=\"Quer j\u00e1 reservar visitas para 2020?\" \/><span class=\"wpcf7-list-item-label\">Quer j\u00e1 reservar visitas para 2020?<\/span><\/span><\/span><\/span>\n<\/p>\n<center>\n\t<p><input class=\"wpcf7-form-control has-spinner wpcf7-submit\" type=\"submit\" value=\"Enviar\" \/>\n\t<\/p>\n<\/center><div class=\"wpcf7-response-output\" aria-hidden=\"true\"><\/div>\n<\/form>\n<\/div>\n[\/et_pb_code][\/et_pb_column][\/et_pb_row][\/et_pb_section]\n<span class=\"et_bloom_bottom_trigger\"><\/span>","protected":false},"excerpt":{"rendered":"<p>O mundo dos #r\u00e9pteis \u00e9 extraordin\u00e1rio, n\u00e3o s\u00f3 \u00e9 rico em variedade, como inclui #animais com caracter\u00edsticas incr\u00edveis que n\u00e3o o deixar\u00e3o indiferente! Reserve j\u00e1 um dia na sua agenda e entre em contacto connosco!MANTENHA-SE INFORMADO SEM COMPROMISSO Qual seria, para si, a melhor ferramenta educacional para que os alunos desenvolvam os seus conhecimentos acerca do fascinante mundo dos #r\u00e9pteis? Novo em toda a #Pen\u00ednsula #Ib\u00e9rica, o #ReptilWorld #Park \u00e9 uma institui\u00e7\u00e3o totalmente baseada em r\u00e9pteis, que visa colmatar uma lacuna at\u00e9 agora existente nesta \u00e1rea. Este #projeto in\u00e9dito, que oferecer\u00e1 uma grande amostra de #r\u00e9pteis, contribuir\u00e1 para dar a conhecer estas #esp\u00e9cies. Embora exista em grande n\u00famero na Europa, estes animais ainda s\u00e3o desconhecidos para muitos de n\u00f3s. Jogos, cursos, exerc\u00edcios, #forma\u00e7\u00f5es, apresenta\u00e7\u00f5es de animais e apresenta\u00e7\u00f5es de programas de prote\u00e7\u00e3o, assim como uma variada gama de ferramentas de #educa\u00e7\u00e3o, estar\u00e3o dispon\u00edveis para si. Tudo ser\u00e1 supervisionado por uma [&hellip;]<\/p>\n","protected":false},"author":1,"featured_media":0,"parent":0,"menu_order":0,"comment_status":"closed","ping_status":"closed","template":"","meta":{"_et_pb_use_builder":"on","_et_pb_old_content":"","_et_gb_content_width":""},"yoast_head":"<!-- This site is optimized with the Yoast SEO plugin v20.5 - https:\/\/yoast.com\/wordpress\/plugins\/seo\/ -->\n<title>ESCOLAS - ReptilWorld Park [Portugal]<\/title>\n<meta name=\"description\" content=\"Voc\u00ea est\u00e1 na p\u00e1gina ESCOLAS do site Reptil\u00e1rio de Aveiro (Portugal). Entre em contato conosco ! ReptilWorld Park [Portugal] - Um novo mundo abre-se agora!\" \/>\n<meta name=\"robots\" content=\"index, follow, max-snippet:-1, max-image-preview:large, max-video-preview:-1\" \/>\n<link rel=\"canonical\" href=\"https:\/\/web.afiwai.com\/rwp\/escolas\/\" \/>\n<meta property=\"og:locale\" content=\"pt_PT\" \/>\n<meta property=\"og:type\" content=\"article\" \/>\n<meta property=\"og:title\" content=\"ESCOLAS - ReptilWorld Park [Portugal]\" \/>\n<meta property=\"og:description\" content=\"Voc\u00ea est\u00e1 na p\u00e1gina ESCOLAS do site Reptil\u00e1rio de Aveiro (Portugal). Entre em contato conosco ! ReptilWorld Park [Portugal] - Um novo mundo abre-se agora!\" \/>\n<meta property=\"og:url\" content=\"https:\/\/web.afiwai.com\/rwp\/escolas\/\" \/>\n<meta property=\"og:site_name\" content=\"ReptilWorld Park [Portugal]\" \/>\n<meta property=\"article:publisher\" content=\"https:\/\/www.facebook.com\/reptilworldpark\/\" \/>\n<meta property=\"article:modified_time\" content=\"2019-12-13T15:44:11+00:00\" \/>\n<meta name=\"twitter:card\" content=\"summary_large_image\" \/>\n<meta name=\"twitter:site\" content=\"@ReptilWorldPark\" \/>\n<meta name=\"twitter:label1\" content=\"Tempo estimado de leitura\" \/>\n\t<meta name=\"twitter:data1\" content=\"2 minutos\" \/>\n<script type=\"application\/ld+json\" class=\"yoast-schema-graph\">{\"@context\":\"https:\/\/schema.org\",\"@graph\":[{\"@type\":\"WebPage\",\"@id\":\"https:\/\/web.afiwai.com\/rwp\/escolas\/\",\"url\":\"https:\/\/web.afiwai.com\/rwp\/escolas\/\",\"name\":\"ESCOLAS - ReptilWorld Park [Portugal]\",\"isPartOf\":{\"@id\":\"https:\/\/web.afiwai.com\/rwp\/#website\"},\"datePublished\":\"2018-12-27T13:09:10+00:00\",\"dateModified\":\"2019-12-13T15:44:11+00:00\",\"description\":\"Voc\u00ea est\u00e1 na p\u00e1gina ESCOLAS do site Reptil\u00e1rio de Aveiro (Portugal). Entre em contato conosco ! ReptilWorld Park [Portugal] - Um novo mundo abre-se agora!\",\"breadcrumb\":{\"@id\":\"https:\/\/web.afiwai.com\/rwp\/escolas\/#breadcrumb\"},\"inLanguage\":\"pt-PT\",\"potentialAction\":[{\"@type\":\"ReadAction\",\"target\":[\"https:\/\/web.afiwai.com\/rwp\/escolas\/\"]}]},{\"@type\":\"BreadcrumbList\",\"@id\":\"https:\/\/web.afiwai.com\/rwp\/escolas\/#breadcrumb\",\"itemListElement\":[{\"@type\":\"ListItem\",\"position\":1,\"name\":\"Home\",\"item\":\"https:\/\/web.afiwai.com\/rwp\/\"},{\"@type\":\"ListItem\",\"position\":2,\"name\":\"ESCOLAS\"}]},{\"@type\":\"WebSite\",\"@id\":\"https:\/\/web.afiwai.com\/rwp\/#website\",\"url\":\"https:\/\/web.afiwai.com\/rwp\/\",\"name\":\"ReptilWorld Park [Portugal]\",\"description\":\"Entra num mundo desconhecido !\",\"publisher\":{\"@id\":\"https:\/\/web.afiwai.com\/rwp\/#organization\"},\"potentialAction\":[{\"@type\":\"SearchAction\",\"target\":{\"@type\":\"EntryPoint\",\"urlTemplate\":\"https:\/\/web.afiwai.com\/rwp\/?s={search_term_string}\"},\"query-input\":\"required name=search_term_string\"}],\"inLanguage\":\"pt-PT\"},{\"@type\":\"Organization\",\"@id\":\"https:\/\/web.afiwai.com\/rwp\/#organization\",\"name\":\"ReptilWorld Park - O in\u00e9dito em Portugal\",\"url\":\"https:\/\/web.afiwai.com\/rwp\/\",\"logo\":{\"@type\":\"ImageObject\",\"inLanguage\":\"pt-PT\",\"@id\":\"https:\/\/web.afiwai.com\/rwp\/#\/schema\/logo\/image\/\",\"url\":\"https:\/\/web.afiwai.com\/rwp\/wp-content\/uploads\/2018\/12\/Logo-cam\u00e9l\u00e9on-750px.png\",\"contentUrl\":\"https:\/\/web.afiwai.com\/rwp\/wp-content\/uploads\/2018\/12\/Logo-cam\u00e9l\u00e9on-750px.png\",\"width\":750,\"height\":341,\"caption\":\"ReptilWorld Park - O in\u00e9dito em Portugal\"},\"image\":{\"@id\":\"https:\/\/web.afiwai.com\/rwp\/#\/schema\/logo\/image\/\"},\"sameAs\":[\"https:\/\/www.facebook.com\/reptilworldpark\/\",\"https:\/\/twitter.com\/ReptilWorldPark\",\"https:\/\/www.instagram.com\/reptilworld_park\/\",\"https:\/\/www.linkedin.com\/in\/reptilworldpark\/\",\"https:\/\/www.youtube.com\/channel\/UCGarBbU4GwhnxAl218yJmDA\"]}]}<\/script>\n<!-- \/ Yoast SEO plugin. -->","yoast_head_json":{"title":"ESCOLAS - ReptilWorld Park [Portugal]","description":"Voc\u00ea est\u00e1 na p\u00e1gina ESCOLAS do site Reptil\u00e1rio de Aveiro (Portugal). Entre em contato conosco ! ReptilWorld Park [Portugal] - Um novo mundo abre-se agora!","robots":{"index":"index","follow":"follow","max-snippet":"max-snippet:-1","max-image-preview":"max-image-preview:large","max-video-preview":"max-video-preview:-1"},"canonical":"https:\/\/web.afiwai.com\/rwp\/escolas\/","og_locale":"pt_PT","og_type":"article","og_title":"ESCOLAS - ReptilWorld Park [Portugal]","og_description":"Voc\u00ea est\u00e1 na p\u00e1gina ESCOLAS do site Reptil\u00e1rio de Aveiro (Portugal). Entre em contato conosco ! ReptilWorld Park [Portugal] - Um novo mundo abre-se agora!","og_url":"https:\/\/web.afiwai.com\/rwp\/escolas\/","og_site_name":"ReptilWorld Park [Portugal]","article_publisher":"https:\/\/www.facebook.com\/reptilworldpark\/","article_modified_time":"2019-12-13T15:44:11+00:00","twitter_card":"summary_large_image","twitter_site":"@ReptilWorldPark","twitter_misc":{"Tempo estimado de leitura":"2 minutos"},"schema":{"@context":"https:\/\/schema.org","@graph":[{"@type":"WebPage","@id":"https:\/\/web.afiwai.com\/rwp\/escolas\/","url":"https:\/\/web.afiwai.com\/rwp\/escolas\/","name":"ESCOLAS - ReptilWorld Park [Portugal]","isPartOf":{"@id":"https:\/\/web.afiwai.com\/rwp\/#website"},"datePublished":"2018-12-27T13:09:10+00:00","dateModified":"2019-12-13T15:44:11+00:00","description":"Voc\u00ea est\u00e1 na p\u00e1gina ESCOLAS do site Reptil\u00e1rio de Aveiro (Portugal). Entre em contato conosco ! ReptilWorld Park [Portugal] - Um novo mundo abre-se agora!","breadcrumb":{"@id":"https:\/\/web.afiwai.com\/rwp\/escolas\/#breadcrumb"},"inLanguage":"pt-PT","potentialAction":[{"@type":"ReadAction","target":["https:\/\/web.afiwai.com\/rwp\/escolas\/"]}]},{"@type":"BreadcrumbList","@id":"https:\/\/web.afiwai.com\/rwp\/escolas\/#breadcrumb","itemListElement":[{"@type":"ListItem","position":1,"name":"Home","item":"https:\/\/web.afiwai.com\/rwp\/"},{"@type":"ListItem","position":2,"name":"ESCOLAS"}]},{"@type":"WebSite","@id":"https:\/\/web.afiwai.com\/rwp\/#website","url":"https:\/\/web.afiwai.com\/rwp\/","name":"ReptilWorld Park [Portugal]","description":"Entra num mundo desconhecido !","publisher":{"@id":"https:\/\/web.afiwai.com\/rwp\/#organization"},"potentialAction":[{"@type":"SearchAction","target":{"@type":"EntryPoint","urlTemplate":"https:\/\/web.afiwai.com\/rwp\/?s={search_term_string}"},"query-input":"required name=search_term_string"}],"inLanguage":"pt-PT"},{"@type":"Organization","@id":"https:\/\/web.afiwai.com\/rwp\/#organization","name":"ReptilWorld Park - O in\u00e9dito em Portugal","url":"https:\/\/web.afiwai.com\/rwp\/","logo":{"@type":"ImageObject","inLanguage":"pt-PT","@id":"https:\/\/web.afiwai.com\/rwp\/#\/schema\/logo\/image\/","url":"https:\/\/web.afiwai.com\/rwp\/wp-content\/uploads\/2018\/12\/Logo-cam\u00e9l\u00e9on-750px.png","contentUrl":"https:\/\/web.afiwai.com\/rwp\/wp-content\/uploads\/2018\/12\/Logo-cam\u00e9l\u00e9on-750px.png","width":750,"height":341,"caption":"ReptilWorld Park - O in\u00e9dito em Portugal"},"image":{"@id":"https:\/\/web.afiwai.com\/rwp\/#\/schema\/logo\/image\/"},"sameAs":["https:\/\/www.facebook.com\/reptilworldpark\/","https:\/\/twitter.com\/ReptilWorldPark","https:\/\/www.instagram.com\/reptilworld_park\/","https:\/\/www.linkedin.com\/in\/reptilworldpark\/","https:\/\/www.youtube.com\/channel\/UCGarBbU4GwhnxAl218yJmDA"]}]}},"_links":{"self":[{"href":"https:\/\/web.afiwai.com\/rwp\/wp-json\/wp\/v2\/pages\/29294"}],"collection":[{"href":"https:\/\/web.afiwai.com\/rwp\/wp-json\/wp\/v2\/pages"}],"about":[{"href":"https:\/\/web.afiwai.com\/rwp\/wp-json\/wp\/v2\/types\/page"}],"author":[{"embeddable":true,"href":"https:\/\/web.afiwai.com\/rwp\/wp-json\/wp\/v2\/users\/1"}],"replies":[{"embeddable":true,"href":"https:\/\/web.afiwai.com\/rwp\/wp-json\/wp\/v2\/comments?post=29294"}],"version-history":[{"count":37,"href":"https:\/\/web.afiwai.com\/rwp\/wp-json\/wp\/v2\/pages\/29294\/revisions"}],"predecessor-version":[{"id":31675,"href":"https:\/\/web.afiwai.com\/rwp\/wp-json\/wp\/v2\/pages\/29294\/revisions\/31675"}],"wp:attachment":[{"href":"https:\/\/web.afiwai.com\/rwp\/wp-json\/wp\/v2\/media?parent=29294"}],"curies":[{"name":"wp","href":"https:\/\/api.w.org\/{rel}","templated":true}]}}