{"id":31203,"date":"2019-06-05T13:29:45","date_gmt":"2019-06-05T12:29:45","guid":{"rendered":"http:\/\/web.afiwai.com\/rwp\/?page_id=31203"},"modified":"2019-12-13T15:36:09","modified_gmt":"2019-12-13T15:36:09","slug":"aprendizagem","status":"publish","type":"page","link":"https:\/\/web.afiwai.com\/rwp\/aprendizagem\/","title":{"rendered":"APRENDIZAGEM"},"content":{"rendered":"[et_pb_section fb_built=&#8221;1&#8243; _builder_version=&#8221;3.23.3&#8243; min_height=&#8221;1425px&#8221;][et_pb_row _builder_version=&#8221;3.25&#8243;][et_pb_column type=&#8221;4_4&#8243; _builder_version=&#8221;3.25&#8243; custom_padding=&#8221;|||&#8221; custom_padding__hover=&#8221;|||&#8221;][et_pb_text _builder_version=&#8221;3.27.4&#8243; text_font=&#8221;||||||||&#8221; header_font=&#8221;||||||||&#8221; header_font_size=&#8221;42px&#8221; custom_margin=&#8221;33px|||||&#8221;]\n<h1 style=\"text-align: center;\"><strong>SABER O QUE \u00c9 UM R\u00c9PTIL<\/strong><\/h1>\n<p style=\"text-align: center;\">Dar a conhecer &#8220;os r\u00e9pteis&#8221; \u00e9 uma das nossas prioridades e para isso n\u00e3o h\u00e1 idade. Com o objetivo de ensinar jovens e adultos, decidimos criar esta p\u00e1gina que oferecer\u00e1 muitos exerc\u00edcios educativos para aprender enquanto se diverte. Divirta-se!<\/p>\n[\/et_pb_text][\/et_pb_column][\/et_pb_row][et_pb_row _builder_version=&#8221;3.25&#8243; custom_margin=&#8221;44px|auto||auto||&#8221; column_structure=&#8221;1_2,1_2&#8243;][et_pb_column type=&#8221;1_2&#8243; _builder_version=&#8221;3.25&#8243; custom_padding=&#8221;|||&#8221; custom_padding__hover=&#8221;|||&#8221;][et_pb_text _builder_version=&#8221;3.27.4&#8243; background_color=&#8221;#edf000&#8243;]\n<p style=\"text-align: center;\"><strong>EXERCICIOS ATE 5 ANOS<\/strong><\/p>\n[\/et_pb_text][et_pb_text _builder_version=&#8221;3.27.4&#8243;]\n<p><strong>Aprende a reconhecer a <a href=\"https:\/\/web.afiwai.com\/rwp\/tag\/cobra\/\">#Cobra<\/a>-rateira, a <a href=\"https:\/\/web.afiwai.com\/rwp\/tag\/cobra\/\">#Cobra<\/a>-d&#8217;\u00e1gua-vep\u00e9rina e a #V\u00edbora, pinta-as na cor certa!<\/strong><\/p>\n[\/et_pb_text][et_pb_image src=&#8221;http:\/\/web.afiwai.com\/rwp\/wp-content\/uploads\/2019\/06\/CobrasObservaNaturaCores-FULL.jpg&#8221; show_in_lightbox=&#8221;on&#8221; _builder_version=&#8221;3.23.3&#8243; border_width_all=&#8221;1px&#8221; border_color_all=&#8221;#edf000&#8243;][\/et_pb_image][\/et_pb_column][et_pb_column type=&#8221;1_2&#8243; _builder_version=&#8221;3.25&#8243; custom_padding=&#8221;|||&#8221; custom_padding__hover=&#8221;|||&#8221;][et_pb_text _builder_version=&#8221;3.27.4&#8243; background_color=&#8221;#edf000&#8243;]\n<p style=\"text-align: center;\"><strong>EXERCICIOS ATE 8 ANOS<\/strong><\/p>\n[\/et_pb_text][et_pb_text _builder_version=&#8221;3.27.4&#8243;]\n<p><strong>Qual \u00e9 o nome das escamas desta <a href=\"https:\/\/web.afiwai.com\/rwp\/tag\/cobra\/\">#Cobra<\/a>-rateira (#<\/strong><em>Malpolon monspessulanus<\/em><strong>)? tu conseguirias colocar os nomes em cada imagem?<\/strong><\/p>\n<p><strong>Nomes:<em> #Escamas dorsais, Escamas ventrais, Escama anal (ou placa anal),\u00a0Escamas #subcaudais,\u00a0Escamas da cabe\u00e7a, Escama #supra-ocular.<\/em><\/strong><\/p>\n[\/et_pb_text][et_pb_image src=&#8221;http:\/\/web.afiwai.com\/rwp\/wp-content\/uploads\/2019\/06\/MalpolonMonspessulanusParaJeziel-FULL.jpg&#8221; show_in_lightbox=&#8221;on&#8221; _builder_version=&#8221;3.23.3&#8243; border_width_all=&#8221;1px&#8221; border_color_all=&#8221;#edf000&#8243;][\/et_pb_image][\/et_pb_column][\/et_pb_row][et_pb_row _builder_version=&#8221;3.25&#8243; column_structure=&#8221;1_2,1_2&#8243;][et_pb_column type=&#8221;1_2&#8243; _builder_version=&#8221;3.25&#8243; custom_padding=&#8221;|||&#8221; custom_padding__hover=&#8221;|||&#8221;][et_pb_text _builder_version=&#8221;3.27.4&#8243; background_color=&#8221;#edf000&#8243;]\n<p style=\"text-align: center;\"><strong>EXERCICIOS ATE 5 ANOS<\/strong><\/p>\n[\/et_pb_text][et_pb_text _builder_version=&#8221;4.0.9&#8243; hover_enabled=&#8221;0&#8243;]<strong>Aqui est\u00e1 uma <a href=\"https:\/\/web.afiwai.com\/rwp\/tag\/cobra\/\">#Cobra<\/a>-de-\u00e1gua-de-colar\u00a0(<\/strong><em><a href=\"https:\/\/web.afiwai.com\/rwp\/tag\/natrix\/\">#Natrix<\/a> #astreptophora<\/em><strong>) que precisava de comer, tu serias qual \u00e9 a presa que ela vai ca\u00e7ar?<\/strong>[\/et_pb_text][et_pb_image src=&#8221;http:\/\/web.afiwai.com\/rwp\/wp-content\/uploads\/2019\/06\/LabyrintheFULL.jpg&#8221; show_in_lightbox=&#8221;on&#8221; _builder_version=&#8221;3.23.3&#8243; border_width_all=&#8221;1px&#8221; border_color_all=&#8221;#edf000&#8243;][\/et_pb_image][\/et_pb_column][et_pb_column type=&#8221;1_2&#8243; _builder_version=&#8221;3.25&#8243; custom_padding=&#8221;|||&#8221; custom_padding__hover=&#8221;|||&#8221;][\/et_pb_column][\/et_pb_row][\/et_pb_section]\n<span class=\"et_bloom_bottom_trigger\"><\/span>","protected":false},"excerpt":{"rendered":"<p>SABER O QUE \u00c9 UM R\u00c9PTIL Dar a conhecer &#8220;os r\u00e9pteis&#8221; \u00e9 uma das nossas prioridades e para isso n\u00e3o h\u00e1 idade. Com o objetivo de ensinar jovens e adultos, decidimos criar esta p\u00e1gina que oferecer\u00e1 muitos exerc\u00edcios educativos para aprender enquanto se diverte. Divirta-se!EXERCICIOS ATE 5 ANOSAprende a reconhecer a #Cobra-rateira, a #Cobra-d&#8217;\u00e1gua-vep\u00e9rina e a #V\u00edbora, pinta-as na cor certa!EXERCICIOS ATE 8 ANOSQual \u00e9 o nome das escamas desta #Cobra-rateira (#Malpolon monspessulanus)? tu conseguirias colocar os nomes em cada imagem? Nomes: #Escamas dorsais, Escamas ventrais, Escama anal (ou placa anal),\u00a0Escamas #subcaudais,\u00a0Escamas da cabe\u00e7a, Escama #supra-ocular.EXERCICIOS ATE 5 ANOSAqui est\u00e1 uma #Cobra-de-\u00e1gua-de-colar\u00a0(#Natrix #astreptophora) que precisava de comer, tu serias qual \u00e9 a presa que ela vai ca\u00e7ar?<\/p>\n","protected":false},"author":1,"featured_media":0,"parent":0,"menu_order":0,"comment_status":"closed","ping_status":"closed","template":"","meta":{"_et_pb_use_builder":"on","_et_pb_old_content":"","_et_gb_content_width":""},"yoast_head":"<!-- This site is optimized with the Yoast SEO plugin v20.5 - https:\/\/yoast.com\/wordpress\/plugins\/seo\/ -->\n<title>APRENDIZAGEM - ReptilWorld Park [Portugal]<\/title>\n<meta name=\"description\" content=\"Voc\u00ea est\u00e1 na p\u00e1gina APRENDIZAGEM do site Reptil\u00e1rio de Aveiro (Portugal). Entre em contato conosco ! ReptilWorld Park [Portugal] - Um novo mundo abre-se agora!\" \/>\n<meta name=\"robots\" content=\"index, follow, max-snippet:-1, max-image-preview:large, max-video-preview:-1\" \/>\n<link rel=\"canonical\" href=\"https:\/\/web.afiwai.com\/rwp\/aprendizagem\/\" \/>\n<meta property=\"og:locale\" content=\"pt_PT\" \/>\n<meta property=\"og:type\" content=\"article\" \/>\n<meta property=\"og:title\" content=\"APRENDIZAGEM - ReptilWorld Park [Portugal]\" \/>\n<meta property=\"og:description\" content=\"Voc\u00ea est\u00e1 na p\u00e1gina APRENDIZAGEM do site Reptil\u00e1rio de Aveiro (Portugal). Entre em contato conosco ! ReptilWorld Park [Portugal] - Um novo mundo abre-se agora!\" \/>\n<meta property=\"og:url\" content=\"https:\/\/web.afiwai.com\/rwp\/aprendizagem\/\" \/>\n<meta property=\"og:site_name\" content=\"ReptilWorld Park [Portugal]\" \/>\n<meta property=\"article:publisher\" content=\"https:\/\/www.facebook.com\/reptilworldpark\/\" \/>\n<meta property=\"article:modified_time\" content=\"2019-12-13T15:36:09+00:00\" \/>\n<meta name=\"twitter:card\" content=\"summary_large_image\" \/>\n<meta name=\"twitter:site\" content=\"@ReptilWorldPark\" \/>\n<meta name=\"twitter:label1\" content=\"Tempo estimado de leitura\" \/>\n\t<meta name=\"twitter:data1\" content=\"2 minutos\" \/>\n<script type=\"application\/ld+json\" class=\"yoast-schema-graph\">{\"@context\":\"https:\/\/schema.org\",\"@graph\":[{\"@type\":\"WebPage\",\"@id\":\"https:\/\/web.afiwai.com\/rwp\/aprendizagem\/\",\"url\":\"https:\/\/web.afiwai.com\/rwp\/aprendizagem\/\",\"name\":\"APRENDIZAGEM - ReptilWorld Park [Portugal]\",\"isPartOf\":{\"@id\":\"https:\/\/web.afiwai.com\/rwp\/#website\"},\"datePublished\":\"2019-06-05T12:29:45+00:00\",\"dateModified\":\"2019-12-13T15:36:09+00:00\",\"description\":\"Voc\u00ea est\u00e1 na p\u00e1gina APRENDIZAGEM do site Reptil\u00e1rio de Aveiro (Portugal). Entre em contato conosco ! ReptilWorld Park [Portugal] - Um novo mundo abre-se agora!\",\"breadcrumb\":{\"@id\":\"https:\/\/web.afiwai.com\/rwp\/aprendizagem\/#breadcrumb\"},\"inLanguage\":\"pt-PT\",\"potentialAction\":[{\"@type\":\"ReadAction\",\"target\":[\"https:\/\/web.afiwai.com\/rwp\/aprendizagem\/\"]}]},{\"@type\":\"BreadcrumbList\",\"@id\":\"https:\/\/web.afiwai.com\/rwp\/aprendizagem\/#breadcrumb\",\"itemListElement\":[{\"@type\":\"ListItem\",\"position\":1,\"name\":\"Home\",\"item\":\"https:\/\/web.afiwai.com\/rwp\/\"},{\"@type\":\"ListItem\",\"position\":2,\"name\":\"APRENDIZAGEM\"}]},{\"@type\":\"WebSite\",\"@id\":\"https:\/\/web.afiwai.com\/rwp\/#website\",\"url\":\"https:\/\/web.afiwai.com\/rwp\/\",\"name\":\"ReptilWorld Park [Portugal]\",\"description\":\"Entra num mundo desconhecido !\",\"publisher\":{\"@id\":\"https:\/\/web.afiwai.com\/rwp\/#organization\"},\"potentialAction\":[{\"@type\":\"SearchAction\",\"target\":{\"@type\":\"EntryPoint\",\"urlTemplate\":\"https:\/\/web.afiwai.com\/rwp\/?s={search_term_string}\"},\"query-input\":\"required name=search_term_string\"}],\"inLanguage\":\"pt-PT\"},{\"@type\":\"Organization\",\"@id\":\"https:\/\/web.afiwai.com\/rwp\/#organization\",\"name\":\"ReptilWorld Park - O in\u00e9dito em Portugal\",\"url\":\"https:\/\/web.afiwai.com\/rwp\/\",\"logo\":{\"@type\":\"ImageObject\",\"inLanguage\":\"pt-PT\",\"@id\":\"https:\/\/web.afiwai.com\/rwp\/#\/schema\/logo\/image\/\",\"url\":\"https:\/\/web.afiwai.com\/rwp\/wp-content\/uploads\/2018\/12\/Logo-cam\u00e9l\u00e9on-750px.png\",\"contentUrl\":\"https:\/\/web.afiwai.com\/rwp\/wp-content\/uploads\/2018\/12\/Logo-cam\u00e9l\u00e9on-750px.png\",\"width\":750,\"height\":341,\"caption\":\"ReptilWorld Park - O in\u00e9dito em Portugal\"},\"image\":{\"@id\":\"https:\/\/web.afiwai.com\/rwp\/#\/schema\/logo\/image\/\"},\"sameAs\":[\"https:\/\/www.facebook.com\/reptilworldpark\/\",\"https:\/\/twitter.com\/ReptilWorldPark\",\"https:\/\/www.instagram.com\/reptilworld_park\/\",\"https:\/\/www.linkedin.com\/in\/reptilworldpark\/\",\"https:\/\/www.youtube.com\/channel\/UCGarBbU4GwhnxAl218yJmDA\"]}]}<\/script>\n<!-- \/ Yoast SEO plugin. -->","yoast_head_json":{"title":"APRENDIZAGEM - ReptilWorld Park [Portugal]","description":"Voc\u00ea est\u00e1 na p\u00e1gina APRENDIZAGEM do site Reptil\u00e1rio de Aveiro (Portugal). Entre em contato conosco ! ReptilWorld Park [Portugal] - Um novo mundo abre-se agora!","robots":{"index":"index","follow":"follow","max-snippet":"max-snippet:-1","max-image-preview":"max-image-preview:large","max-video-preview":"max-video-preview:-1"},"canonical":"https:\/\/web.afiwai.com\/rwp\/aprendizagem\/","og_locale":"pt_PT","og_type":"article","og_title":"APRENDIZAGEM - ReptilWorld Park [Portugal]","og_description":"Voc\u00ea est\u00e1 na p\u00e1gina APRENDIZAGEM do site Reptil\u00e1rio de Aveiro (Portugal). Entre em contato conosco ! ReptilWorld Park [Portugal] - Um novo mundo abre-se agora!","og_url":"https:\/\/web.afiwai.com\/rwp\/aprendizagem\/","og_site_name":"ReptilWorld Park [Portugal]","article_publisher":"https:\/\/www.facebook.com\/reptilworldpark\/","article_modified_time":"2019-12-13T15:36:09+00:00","twitter_card":"summary_large_image","twitter_site":"@ReptilWorldPark","twitter_misc":{"Tempo estimado de leitura":"2 minutos"},"schema":{"@context":"https:\/\/schema.org","@graph":[{"@type":"WebPage","@id":"https:\/\/web.afiwai.com\/rwp\/aprendizagem\/","url":"https:\/\/web.afiwai.com\/rwp\/aprendizagem\/","name":"APRENDIZAGEM - ReptilWorld Park [Portugal]","isPartOf":{"@id":"https:\/\/web.afiwai.com\/rwp\/#website"},"datePublished":"2019-06-05T12:29:45+00:00","dateModified":"2019-12-13T15:36:09+00:00","description":"Voc\u00ea est\u00e1 na p\u00e1gina APRENDIZAGEM do site Reptil\u00e1rio de Aveiro (Portugal). Entre em contato conosco ! ReptilWorld Park [Portugal] - Um novo mundo abre-se agora!","breadcrumb":{"@id":"https:\/\/web.afiwai.com\/rwp\/aprendizagem\/#breadcrumb"},"inLanguage":"pt-PT","potentialAction":[{"@type":"ReadAction","target":["https:\/\/web.afiwai.com\/rwp\/aprendizagem\/"]}]},{"@type":"BreadcrumbList","@id":"https:\/\/web.afiwai.com\/rwp\/aprendizagem\/#breadcrumb","itemListElement":[{"@type":"ListItem","position":1,"name":"Home","item":"https:\/\/web.afiwai.com\/rwp\/"},{"@type":"ListItem","position":2,"name":"APRENDIZAGEM"}]},{"@type":"WebSite","@id":"https:\/\/web.afiwai.com\/rwp\/#website","url":"https:\/\/web.afiwai.com\/rwp\/","name":"ReptilWorld Park [Portugal]","description":"Entra num mundo desconhecido !","publisher":{"@id":"https:\/\/web.afiwai.com\/rwp\/#organization"},"potentialAction":[{"@type":"SearchAction","target":{"@type":"EntryPoint","urlTemplate":"https:\/\/web.afiwai.com\/rwp\/?s={search_term_string}"},"query-input":"required name=search_term_string"}],"inLanguage":"pt-PT"},{"@type":"Organization","@id":"https:\/\/web.afiwai.com\/rwp\/#organization","name":"ReptilWorld Park - O in\u00e9dito em Portugal","url":"https:\/\/web.afiwai.com\/rwp\/","logo":{"@type":"ImageObject","inLanguage":"pt-PT","@id":"https:\/\/web.afiwai.com\/rwp\/#\/schema\/logo\/image\/","url":"https:\/\/web.afiwai.com\/rwp\/wp-content\/uploads\/2018\/12\/Logo-cam\u00e9l\u00e9on-750px.png","contentUrl":"https:\/\/web.afiwai.com\/rwp\/wp-content\/uploads\/2018\/12\/Logo-cam\u00e9l\u00e9on-750px.png","width":750,"height":341,"caption":"ReptilWorld Park - O in\u00e9dito em Portugal"},"image":{"@id":"https:\/\/web.afiwai.com\/rwp\/#\/schema\/logo\/image\/"},"sameAs":["https:\/\/www.facebook.com\/reptilworldpark\/","https:\/\/twitter.com\/ReptilWorldPark","https:\/\/www.instagram.com\/reptilworld_park\/","https:\/\/www.linkedin.com\/in\/reptilworldpark\/","https:\/\/www.youtube.com\/channel\/UCGarBbU4GwhnxAl218yJmDA"]}]}},"_links":{"self":[{"href":"https:\/\/web.afiwai.com\/rwp\/wp-json\/wp\/v2\/pages\/31203"}],"collection":[{"href":"https:\/\/web.afiwai.com\/rwp\/wp-json\/wp\/v2\/pages"}],"about":[{"href":"https:\/\/web.afiwai.com\/rwp\/wp-json\/wp\/v2\/types\/page"}],"author":[{"embeddable":true,"href":"https:\/\/web.afiwai.com\/rwp\/wp-json\/wp\/v2\/users\/1"}],"replies":[{"embeddable":true,"href":"https:\/\/web.afiwai.com\/rwp\/wp-json\/wp\/v2\/comments?post=31203"}],"version-history":[{"count":12,"href":"https:\/\/web.afiwai.com\/rwp\/wp-json\/wp\/v2\/pages\/31203\/revisions"}],"predecessor-version":[{"id":31670,"href":"https:\/\/web.afiwai.com\/rwp\/wp-json\/wp\/v2\/pages\/31203\/revisions\/31670"}],"wp:attachment":[{"href":"https:\/\/web.afiwai.com\/rwp\/wp-json\/wp\/v2\/media?parent=31203"}],"curies":[{"name":"wp","href":"https:\/\/api.w.org\/{rel}","templated":true}]}}