{"id":8,"date":"2020-10-16T17:26:51","date_gmt":"2020-10-16T15:26:51","guid":{"rendered":"http:\/\/web.afiwai.com\/webcenterwebcenter\/?page_id=8"},"modified":"2021-03-12T14:28:38","modified_gmt":"2021-03-12T13:28:38","slug":"recherche","status":"publish","type":"page","link":"https:\/\/web.afiwai.com\/webcenter\/","title":{"rendered":"Recherche"},"content":{"rendered":"<p>[et_pb_section fb_built=\u00a0\u00bb1&Prime; module_id=\u00a0\u00bbfond-aleatoire\u00a0\u00bb _builder_version=\u00a0\u00bb4.6.6&Prime; _module_preset=\u00a0\u00bbdefault\u00a0\u00bb background_color=\u00a0\u00bb#ffffff\u00a0\u00bb module_alignment=\u00a0\u00bbcenter\u00a0\u00bb max_height=\u00a0\u00bb991px\u00a0\u00bb custom_padding=\u00a0\u00bb0px||1601px||false|false\u00a0\u00bb custom_css_main_element=\u00a0\u00bb.centrer-verticalement {||  display: flex;||  flex-direction: column;||  justify-content: center;||||\/* Et les d\u00e9clinaisons avec pr\u00e9fixes pour obtenir un r\u00e9sultat homog\u00e8ne sur les divers navigateurs  *\/||  display: -webkit-box;||  display: -webkit-flex;||  display: -moz-box;||  display: -ms-flexbox;||  -webkit-box-orient: vertical;||  -webkit-box-direction: normal;||  -webkit-flex-direction: column;||     -moz-box-orient: vertical;||     -moz-box-direction: normal;||      -ms-flex-direction: column;||  -webkit-box-pack: center;||  -webkit-justify-content: center;||     -moz-box-pack: center;||      -ms-flex-pack: center;||}\u00a0\u00bb][et_pb_row _builder_version=\u00a0\u00bb4.6.6&Prime; _module_preset=\u00a0\u00bbdefault\u00a0\u00bb width=\u00a0\u00bb95%\u00a0\u00bb max_width=\u00a0\u00bb2550px\u00a0\u00bb custom_padding=\u00a0\u00bb25px||||false|false\u00a0\u00bb][et_pb_column type=\u00a0\u00bb4_4&Prime; _builder_version=\u00a0\u00bb4.6.6&Prime; _module_preset=\u00a0\u00bbdefault\u00a0\u00bb][et_pb_button button_url=\u00a0\u00bbhttps:\/\/afiwai.com\/\u00a0\u00bb button_text=\u00a0\u00bbAFIWAI Design\u00a0\u00bb button_alignment=\u00a0\u00bbleft\u00a0\u00bb _builder_version=\u00a0\u00bb4.6.6&Prime; _module_preset=\u00a0\u00bbdefault\u00a0\u00bb custom_button=\u00a0\u00bbon\u00a0\u00bb button_text_size=\u00a0\u00bb16px\u00a0\u00bb button_text_color=\u00a0\u00bb#ffffff\u00a0\u00bb button_bg_color=\u00a0\u00bbrgba(188,188,188,0.48)\u00a0\u00bb button_border_width=\u00a0\u00bb0px\u00a0\u00bb button_border_radius=\u00a0\u00bb9px\u00a0\u00bb button_font=\u00a0\u00bb||||||||\u00a0\u00bb button_icon=\u00a0\u00bb%%102%%\u00a0\u00bb button_icon_placement=\u00a0\u00bbleft\u00a0\u00bb button_on_hover=\u00a0\u00bboff\u00a0\u00bb custom_padding=\u00a0\u00bb|16px||36px|false|false\u00a0\u00bb box_shadow_style=\u00a0\u00bbpreset1&Prime;][\/et_pb_button][\/et_pb_column][\/et_pb_row][et_pb_row _builder_version=\u00a0\u00bb4.9.1&Prime; _module_preset=\u00a0\u00bbdefault\u00a0\u00bb background_color=\u00a0\u00bbrgba(255,255,255,0.61)\u00a0\u00bb custom_margin=\u00a0\u00bbauto|auto|auto|auto|true|true\u00a0\u00bb border_radii=\u00a0\u00bbon|20px|20px|20px|20px\u00a0\u00bb][et_pb_column type=\u00a0\u00bb4_4&Prime; _builder_version=\u00a0\u00bb4.6.6&Prime; _module_preset=\u00a0\u00bbdefault\u00a0\u00bb][et_pb_image src=\u00a0\u00bbhttps:\/\/web.afiwai.com\/webcenter\/wp-content\/uploads\/2020\/10\/AFIWAI-WebCenter-GIF.gif\u00a0\u00bb title_text=\u00a0\u00bbAFIWAI WebCenter GIF\u00a0\u00bb align=\u00a0\u00bbcenter\u00a0\u00bb _builder_version=\u00a0\u00bb4.6.6&Prime; _module_preset=\u00a0\u00bbdefault\u00a0\u00bb width=\u00a0\u00bb40%\u00a0\u00bb][\/et_pb_image][et_pb_text _builder_version=\u00a0\u00bb4.7.4&Prime; _module_preset=\u00a0\u00bbdefault\u00a0\u00bb header_font=\u00a0\u00bbAbel|600|||||||\u00a0\u00bb header_text_align=\u00a0\u00bbcenter\u00a0\u00bb header_text_color=\u00a0\u00bb#034699&Prime; header_font_size=\u00a0\u00bb19px\u00a0\u00bb max_width=\u00a0\u00bb61%\u00a0\u00bb module_alignment=\u00a0\u00bbcenter\u00a0\u00bb custom_margin=\u00a0\u00bb||9px|||\u00a0\u00bb]<\/p>\n<h1>Pour voir certaines de nos r\u00e9alisations, faites une recherche en ins\u00e9rant un mot-cl\u00e9 dans la barre de recherche ci-dessous. Comme par exemple: Logo ou Site internet<\/h1>\n<p>[\/et_pb_text][et_pb_search exclude_pages=\u00a0\u00bbon\u00a0\u00bb include_categories=\u00a0\u00bb1&Prime; placeholder=\u00a0\u00bbQue cherchez-vous ? \u00a0\u00bb _builder_version=\u00a0\u00bb4.9.1&Prime; _module_preset=\u00a0\u00bbdefault\u00a0\u00bb form_field_background_color=\u00a0\u00bb#ffffff\u00a0\u00bb form_field_text_align=\u00a0\u00bbleft\u00a0\u00bb max_width=\u00a0\u00bb90%\u00a0\u00bb module_alignment=\u00a0\u00bbcenter\u00a0\u00bb custom_margin=\u00a0\u00bb||5px|||\u00a0\u00bb box_shadow_style=\u00a0\u00bbpreset1&Prime;][\/et_pb_search][et_pb_menu menu_id=\u00a0\u00bb13&Prime; active_link_color=\u00a0\u00bb#2e57a5&Prime; logo_max_height=\u00a0\u00bb90%\u00a0\u00bb _builder_version=\u00a0\u00bb4.9.1&Prime; _module_preset=\u00a0\u00bbdefault\u00a0\u00bb menu_font=\u00a0\u00bb|600|||on|||#2e57a5|\u00a0\u00bb menu_text_color=\u00a0\u00bb#2e57a5&Prime; menu_font_size=\u00a0\u00bb18px\u00a0\u00bb background_enable_color=\u00a0\u00bboff\u00a0\u00bb text_orientation=\u00a0\u00bbcenter\u00a0\u00bb][\/et_pb_menu][et_pb_code _builder_version=\u00a0\u00bb4.6.6&Prime; _module_preset=\u00a0\u00bbdefault\u00a0\u00bb]<script type=\"text\/javascript\"><!-- [et_pb_line_break_holder] --><!-- [et_pb_line_break_holder] -->jQuery(document).ready(function($){<!-- [et_pb_line_break_holder] -->    <!-- [et_pb_line_break_holder] -->    var image = new Array ();<!-- [et_pb_line_break_holder] -->    image[0] = \"\/10\/webcenter1.jpg\";<!-- [et_pb_line_break_holder] -->    image[1] = \"\/10\/webcenter2.jpg\";<!-- [et_pb_line_break_holder] -->    image[2] = \"\/10\/webcenter3.jpg\";<!-- [et_pb_line_break_holder] -->    image[3] = \"\/10\/webcenter4.jpg\";<!-- [et_pb_line_break_holder] --><!-- [et_pb_line_break_holder] -->    var hasard = Math.floor(Math.random() * image.length);<!-- [et_pb_line_break_holder] --><!-- [et_pb_line_break_holder] -->    $('#fond-aleatoire').css({'background-image': 'url(https:\/\/web.afiwai.com\/webcenter\/wp-content\/uploads\/2020' + image[hasard] + \")\"});<!-- [et_pb_line_break_holder] --><!-- [et_pb_line_break_holder] -->});<!-- [et_pb_line_break_holder] --><!-- [et_pb_line_break_holder] --><\/script>[\/et_pb_code][\/et_pb_column][\/et_pb_row][et_pb_row _builder_version=\u00a0\u00bb4.6.6&Prime; _module_preset=\u00a0\u00bbdefault\u00a0\u00bb][et_pb_column type=\u00a0\u00bb4_4&Prime; _builder_version=\u00a0\u00bb4.6.6&Prime; _module_preset=\u00a0\u00bbdefault\u00a0\u00bb][et_pb_text _builder_version=\u00a0\u00bb4.9.1&Prime; _module_preset=\u00a0\u00bbdefault\u00a0\u00bb text_font=\u00a0\u00bb||||||||\u00a0\u00bb text_font_size=\u00a0\u00bb7px\u00a0\u00bb text_letter_spacing=\u00a0\u00bb9px\u00a0\u00bb link_text_align=\u00a0\u00bbcenter\u00a0\u00bb text_orientation=\u00a0\u00bbcenter\u00a0\u00bb custom_padding=\u00a0\u00bb125px||||false|false\u00a0\u00bb custom_padding_tablet=\u00a0\u00bb\u00a0\u00bb custom_padding_phone=\u00a0\u00bb0px||||false|false\u00a0\u00bb custom_padding_last_edited=\u00a0\u00bbon|phone\u00a0\u00bb hover_enabled=\u00a0\u00bb0&Prime; text_text_shadow_style=\u00a0\u00bbpreset1&Prime; sticky_enabled=\u00a0\u00bb0&Prime;]<\/p>\n<p style=\"text-align: center;\"><a href=\"https:\/\/afiwai.com\/\" target=\"_blank\" rel=\"noopener noreferrer\" title=\"Site AFIWAI Design\"><img loading=\"lazy\" decoding=\"async\" src=\"https:\/\/web.afiwai.com\/webcenter\/wp-content\/uploads\/2020\/10\/Site-AFIWAI.png\" width=\"37\" height=\"37\" alt=\"\" class=\"wp-image-792 alignnone size-medium\" \/><\/a>\u00a0<a href=\"https:\/\/api.whatsapp.com\/send?phone=0667218995\" target=\"_blank\" rel=\"noopener noreferrer\" title=\"Appel WhatsApp\"><img loading=\"lazy\" decoding=\"async\" src=\"https:\/\/web.afiwai.com\/webcenter\/wp-content\/uploads\/2020\/10\/WhatsApp-AFIWAI.png\" width=\"37\" height=\"37\" alt=\"\" class=\"wp-image-793 alignnone size-full\" \/><\/a> <a href=\"mailto:%20info@afiwai.com\" target=\"_blank\" rel=\"noopener noreferrer\" title=\"Email AFIWAI Design\"><img loading=\"lazy\" decoding=\"async\" src=\"https:\/\/web.afiwai.com\/webcenter\/wp-content\/uploads\/2020\/10\/Email-AFIWAI.png\" width=\"37\" height=\"37\" alt=\"\" class=\"wp-image-787 alignnone size-medium\" \/><\/a>\u00a0<a href=\"https:\/\/m.me\/afiwai\" target=\"_blank\" rel=\"noopener noreferrer\" title=\"Messenger AFIWAI\"><img loading=\"lazy\" decoding=\"async\" src=\"https:\/\/web.afiwai.com\/webcenter\/wp-content\/uploads\/2020\/10\/Messenger-AFIWAI.png\" width=\"37\" height=\"37\" alt=\"\" class=\"wp-image-791 alignnone size-medium\" \/><\/a>\u00a0<a href=\"https:\/\/www.facebook.com\/afiwai\" target=\"_blank\" rel=\"noopener noreferrer\" title=\"Facebook AFIWAI\"><img loading=\"lazy\" decoding=\"async\" src=\"https:\/\/web.afiwai.com\/webcenter\/wp-content\/uploads\/2020\/10\/Facebook-AFIWAI.png\" width=\"37\" height=\"37\" alt=\"\" class=\"wp-image-788 alignnone size-full\" \/><\/a>\u00a0<a href=\"https:\/\/www.instagram.com\/afiwai_design\/\" target=\"_blank\" rel=\"noopener noreferrer\" title=\"Instagram AFIWAI\"><img loading=\"lazy\" decoding=\"async\" src=\"https:\/\/web.afiwai.com\/webcenter\/wp-content\/uploads\/2020\/10\/Instagram-AFIWAI.png\" width=\"37\" height=\"37\" alt=\"\" class=\"wp-image-789 alignnone size-medium\" \/><\/a> <a href=\"https:\/\/www.linkedin.com\/company\/42846911\/\" target=\"_blank\" rel=\"noopener noreferrer\" title=\"Linkedin AFIWAI\"><img loading=\"lazy\" decoding=\"async\" src=\"https:\/\/web.afiwai.com\/webcenter\/wp-content\/uploads\/2020\/10\/Linkedin-AFIWAI.png\" width=\"37\" height=\"37\" alt=\"\" class=\"wp-image-790 alignnone size-medium\" \/><\/a>\u00a0<a href=\"https:\/\/www.youtube.com\/channel\/UCNA5U-ZoWO0LZLAtEdAtKHg\" target=\"_blank\" rel=\"noopener noreferrer\" title=\"Youtube AFIWAI\"><img loading=\"lazy\" decoding=\"async\" src=\"https:\/\/web.afiwai.com\/webcenter\/wp-content\/uploads\/2020\/10\/Youtube-AFIWAI-2.png\" width=\"37\" height=\"37\" alt=\"\" class=\"wp-image-794 alignnone size-medium\" \/><\/a><\/p>\n<p>[\/et_pb_text][et_pb_text _builder_version=\u00a0\u00bb4.6.6&Prime; _module_preset=\u00a0\u00bbdefault\u00a0\u00bb text_text_color=\u00a0\u00bb#afafaf\u00a0\u00bb text_font_size=\u00a0\u00bb10px\u00a0\u00bb]<\/p>\n<p style=\"text-align: center;\">Cr\u00e9ation du site Internet\u00a0r\u00e9alis\u00e9 par <a href=\"https:\/\/afiwai.com\" target=\"_blank\" rel=\"noopener noreferrer\"><strong>AFIWAI DESIGN<\/strong><\/a><\/p>\n<p>[\/et_pb_text][\/et_pb_column][\/et_pb_row][\/et_pb_section]<\/p>\n","protected":false},"excerpt":{"rendered":"<p>Pour voir certaines de nos r\u00e9alisations, faites une recherche en ins\u00e9rant un mot-cl\u00e9 dans la barre de recherche ci-dessous. Comme par exemple: Logo ou Site internet\u00a0 \u00a0\u00a0\u00a0 \u00a0Cr\u00e9ation du site Internet\u00a0r\u00e9alis\u00e9 par AFIWAI DESIGN<\/p>\n","protected":false},"author":1,"featured_media":0,"parent":0,"menu_order":0,"comment_status":"closed","ping_status":"closed","template":"page-template-blank.php","meta":{"_et_pb_use_builder":"on","_et_pb_old_content":"","_et_gb_content_width":"2880","footnotes":""},"class_list":["post-8","page","type-page","status-publish","hentry"],"_links":{"self":[{"href":"https:\/\/web.afiwai.com\/webcenter\/wp-json\/wp\/v2\/pages\/8","targetHints":{"allow":["GET"]}}],"collection":[{"href":"https:\/\/web.afiwai.com\/webcenter\/wp-json\/wp\/v2\/pages"}],"about":[{"href":"https:\/\/web.afiwai.com\/webcenter\/wp-json\/wp\/v2\/types\/page"}],"author":[{"embeddable":true,"href":"https:\/\/web.afiwai.com\/webcenter\/wp-json\/wp\/v2\/users\/1"}],"replies":[{"embeddable":true,"href":"https:\/\/web.afiwai.com\/webcenter\/wp-json\/wp\/v2\/comments?post=8"}],"version-history":[{"count":85,"href":"https:\/\/web.afiwai.com\/webcenter\/wp-json\/wp\/v2\/pages\/8\/revisions"}],"predecessor-version":[{"id":1026,"href":"https:\/\/web.afiwai.com\/webcenter\/wp-json\/wp\/v2\/pages\/8\/revisions\/1026"}],"wp:attachment":[{"href":"https:\/\/web.afiwai.com\/webcenter\/wp-json\/wp\/v2\/media?parent=8"}],"curies":[{"name":"wp","href":"https:\/\/api.w.org\/{rel}","templated":true}]}}